{"id":16815,"date":"2021-06-10T13:51:32","date_gmt":"2021-06-10T13:51:32","guid":{"rendered":"https:\/\/mentenmetaal.nl\/acceptatie-beleid\/"},"modified":"2023-12-07T08:30:28","modified_gmt":"2023-12-07T08:30:28","slug":"acceptatie-beleid","status":"publish","type":"page","link":"https:\/\/mentenmetaal.nl\/de\/acceptatie-beleid\/","title":{"rendered":"Akzeptanzpolitik"},"content":{"rendered":"<div class=\"wpb-content-wrapper\"><p>[vc_row css=&#8220;.vc_custom_1623333104890{padding-top: 50px !important;}&#8220;][vc_column]<div id=\"ultimate-heading-38669eba1a34e082\" class=\"uvc-heading ult-adjust-bottom-margin ultimate-heading-38669eba1a34e082 uvc-3563  uvc-heading-default-font-sizes\" data-hspacer=\"no_spacer\"  data-halign=\"center\" style=\"text-align:center\"><div class=\"uvc-heading-spacer no_spacer\" style=\"top\"><\/div><div class=\"uvc-sub-heading ult-responsive\"  data-ultimate-target='.uvc-heading.ultimate-heading-38669eba1a34e082 .uvc-sub-heading '  data-responsive-json-new='{\"font-size\":\"\",\"line-height\":\"\"}'  style=\"font-weight:normal;\"><\/p>\n<div>\n<h1 style=\"text-align: left;\">Akzeptanz<\/h1>\n<h1 style=\"color: #008bcb; text-align: left;\">Politik<\/h1>\n<p>Menten Metaal GmbH hat eine Akzeptanzpolitik. Wir haben zu jeder Zeit das Recht, angebotene Produkte zu weigern. M\u00f6chten Sie mehr Informationen \u00fcber unsere aktuelle Akzeptanzpolitik? Nehmen Sie dann Kontakt mit uns auf.<\/p>\n<\/div>\n<p><\/div><\/div>[\/vc_column][\/vc_row][vc_row full_width=&#8220;stretch_row&#8220; gap=&#8220;35&#8243; equal_height=&#8220;yes&#8220; css=&#8220;.vc_custom_1624267913749{margin-top: 50px !important;}&#8220;][vc_column width=&#8220;1\/2&#8243; css=&#8220;.vc_custom_1627889754254{padding-top: 25px !important;padding-right: 25px !important;padding-bottom: 25px !important;padding-left: 25px !important;background-color: #ffffff !important;background-position: center !important;background-repeat: no-repeat !important;background-size: cover !important;}&#8220; el_class=&#8220;shadowbox&#8220;]<div id=\"ultimate-heading-553769eba1a34e0d6\" class=\"uvc-heading ult-adjust-bottom-margin ultimate-heading-553769eba1a34e0d6 uvc-6315  uvc-heading-default-font-sizes\" data-hspacer=\"no_spacer\"  data-halign=\"left\" style=\"text-align:left\"><div class=\"uvc-heading-spacer no_spacer\" style=\"top\"><\/div><div class=\"uvc-main-heading ult-responsive\"  data-ultimate-target='.uvc-heading.ultimate-heading-553769eba1a34e0d6 h3'  data-responsive-json-new='{\"font-size\":\"\",\"line-height\":\"\"}' ><h3 style=\"--font-weight:theme;color:#191919;\">Produkte die wir<\/h3><\/div><\/div><div id=\"ultimate-heading-582369eba1a34e134\" class=\"uvc-heading ult-adjust-bottom-margin ultimate-heading-582369eba1a34e134 uvc-8130  uvc-heading-default-font-sizes\" data-hspacer=\"no_spacer\"  data-halign=\"left\" style=\"text-align:left\"><div class=\"uvc-heading-spacer no_spacer\" style=\"top\"><\/div><div class=\"uvc-main-heading ult-responsive\"  data-ultimate-target='.uvc-heading.ultimate-heading-582369eba1a34e134 h3'  data-responsive-json-new='{\"font-size\":\"\",\"line-height\":\"\"}' ><h3 style=\"--font-weight:theme;color:#008bcb;margin-bottom:15px;\">Erstatten<\/h3><\/div><\/div>[vc_column_text]<\/p>\n<ul>\n<li>Ferro Metalle<\/li>\n<li>Non Ferro Metalle<\/li>\n<li>Elektro-Haushaltsger\u00e4te (keine Eisschr\u00e4nke, Tiefk\u00fchlschr\u00e4nke und K\u00fchlschr\u00e4nke)<\/li>\n<li>Autowracke (solange es keinen eingebauten Gastank hat)<\/li>\n<li>Katalysatoren<\/li>\n<li>Akkus (nur PB(Blei) enthaltende)<\/li>\n<li>Aluminium Felgen (mit und ohne Reifen)<\/li>\n<li>Kabel<\/li>\n<li>E-Motoren<\/li>\n<li>Hart-metall<\/li>\n<li>Edel-Metall<\/li>\n<li>Tanks HBO (mit einem Reinigungszertifikat)<\/li>\n<\/ul>\n<p>[\/vc_column_text][\/vc_column][vc_column width=&#8220;1\/2&#8243; css=&#8220;.vc_custom_1627889760130{padding-top: 25px !important;padding-right: 25px !important;padding-bottom: 25px !important;padding-left: 25px !important;background-color: #ffffff !important;}&#8220; el_class=&#8220;shadowbox&#8220;]<div id=\"ultimate-heading-423169eba1a34e171\" class=\"uvc-heading ult-adjust-bottom-margin ultimate-heading-423169eba1a34e171 uvc-2308  uvc-heading-default-font-sizes\" data-hspacer=\"no_spacer\"  data-halign=\"left\" style=\"text-align:left\"><div class=\"uvc-heading-spacer no_spacer\" style=\"top\"><\/div><div class=\"uvc-main-heading ult-responsive\"  data-ultimate-target='.uvc-heading.ultimate-heading-423169eba1a34e171 h3'  data-responsive-json-new='{\"font-size\":\"\",\"line-height\":\"\"}' ><h3 style=\"--font-weight:theme;color:#191919;\">Produkte die wir<\/h3><\/div><\/div><div id=\"ultimate-heading-262169eba1a34e1a9\" class=\"uvc-heading ult-adjust-bottom-margin ultimate-heading-262169eba1a34e1a9 uvc-6630  uvc-heading-default-font-sizes\" data-hspacer=\"no_spacer\"  data-halign=\"left\" style=\"text-align:left\"><div class=\"uvc-heading-spacer no_spacer\" style=\"top\"><\/div><div class=\"uvc-main-heading ult-responsive\"  data-ultimate-target='.uvc-heading.ultimate-heading-262169eba1a34e1a9 h3'  data-responsive-json-new='{\"font-size\":\"\",\"line-height\":\"\"}' ><h3 style=\"--font-weight:theme;color:#008bcb;margin-bottom:15px;\">Nicht annehmen<\/h3><\/div><\/div>[vc_column_text]<\/p>\n<ul>\n<li>Eisschr\u00e4nke, Tiefk\u00fchlschr\u00e4nke, K\u00fchlschr\u00e4nke<\/li>\n<li>Fernseher, Monitore, Computerbildschirme<\/li>\n<li>Gasflaschen, Sauerstoffflaschen und Tanks mit Inhalt oder verunreinigt<\/li>\n<li>F\u00e4sser, Kanister und Dosen mit Inhalt oder verunreinigt<\/li>\n<li><a href=\"https:\/\/www.rivm.nl\/straling-en-radioactiviteit\/industrie-en-monitoring\/natuurlijke-radioactiviteit-in-de-industrie#:~:text=De%20radioactieve%20stoffen%20uit%20de,vluchtig%20(polonium%20en%20lood).\" target=\"_blank\" rel=\"noopener\">Radioaktive Materialien<\/a><\/li>\n<li>Abest enthaltende Produkte<\/li>\n<li>\u00d6le, Fette, Schmiermiddel Fl\u00fcssigkeiten.<\/li>\n<li>Schaumplatten<\/li>\n<li>Hausabfall<\/li>\n<\/ul>\n<p>[\/vc_column_text][\/vc_column][\/vc_row][vc_row full_width=&#8220;stretch_row&#8220; gap=&#8220;35&#8243; equal_height=&#8220;yes&#8220; css=&#8220;.vc_custom_1624267938470{margin-bottom: 50px !important;}&#8220;][vc_column width=&#8220;1\/2&#8243; css=&#8220;.vc_custom_1627889766307{padding-top: 25px !important;padding-right: 25px !important;padding-bottom: 25px !important;padding-left: 25px !important;background-color: #ffffff !important;background-position: center !important;background-repeat: no-repeat !important;background-size: cover !important;}&#8220; el_class=&#8220;shadowbox&#8220;]<div id=\"ultimate-heading-827569eba1a34e1df\" class=\"uvc-heading ult-adjust-bottom-margin ultimate-heading-827569eba1a34e1df uvc-3092  uvc-heading-default-font-sizes\" data-hspacer=\"no_spacer\"  data-halign=\"left\" style=\"text-align:left\"><div class=\"uvc-heading-spacer no_spacer\" style=\"top\"><\/div><div class=\"uvc-main-heading ult-responsive\"  data-ultimate-target='.uvc-heading.ultimate-heading-827569eba1a34e1df h3'  data-responsive-json-new='{\"font-size\":\"\",\"line-height\":\"\"}' ><h3 style=\"--font-weight:theme;color:#191919;\">Produkte die wir<\/h3><\/div><\/div><div id=\"ultimate-heading-185969eba1a34e214\" class=\"uvc-heading ult-adjust-bottom-margin ultimate-heading-185969eba1a34e214 uvc-9359  uvc-heading-default-font-sizes\" data-hspacer=\"no_spacer\"  data-halign=\"left\" style=\"text-align:left\"><div class=\"uvc-heading-spacer no_spacer\" style=\"top\"><\/div><div class=\"uvc-main-heading ult-responsive\"  data-ultimate-target='.uvc-heading.ultimate-heading-185969eba1a34e214 h3'  data-responsive-json-new='{\"font-size\":\"\",\"line-height\":\"\"}' ><h3 style=\"--font-weight:theme;color:#008bcb;margin-bottom:15px;\">gratis entsorgen<\/h3><\/div><\/div>[vc_column_text]<\/p>\n<ul>\n<li>Gasflaschen<\/li>\n<li>Sauerstoffflaschen (solange sie leer sind und ohne Verschlu\u00df)<\/li>\n<\/ul>\n<p>[\/vc_column_text][\/vc_column][vc_column width=&#8220;1\/2&#8243; css=&#8220;.vc_custom_1627889772157{padding-top: 25px !important;padding-right: 25px !important;padding-bottom: 25px !important;padding-left: 25px !important;background-color: #ffffff !important;}&#8220; el_class=&#8220;shadowbox&#8220;]<div id=\"ultimate-heading-578969eba1a34e246\" class=\"uvc-heading ult-adjust-bottom-margin ultimate-heading-578969eba1a34e246 uvc-1317  uvc-heading-default-font-sizes\" data-hspacer=\"no_spacer\"  data-halign=\"left\" style=\"text-align:left\"><div class=\"uvc-heading-spacer no_spacer\" style=\"top\"><\/div><div class=\"uvc-main-heading ult-responsive\"  data-ultimate-target='.uvc-heading.ultimate-heading-578969eba1a34e246 h3'  data-responsive-json-new='{\"font-size\":\"\",\"line-height\":\"\"}' ><h3 style=\"--font-weight:theme;color:#191919;\">Produkte die wir annehmen<\/h3><\/div><\/div><div id=\"ultimate-heading-483069eba1a34e27a\" class=\"uvc-heading ult-adjust-bottom-margin ultimate-heading-483069eba1a34e27a uvc-594  uvc-heading-default-font-sizes\" data-hspacer=\"no_spacer\"  data-halign=\"left\" style=\"text-align:left\"><div class=\"uvc-heading-spacer no_spacer\" style=\"top\"><\/div><div class=\"uvc-main-heading ult-responsive\"  data-ultimate-target='.uvc-heading.ultimate-heading-483069eba1a34e27a h3'  data-responsive-json-new='{\"font-size\":\"\",\"line-height\":\"\"}' ><h3 style=\"--font-weight:theme;color:#008bcb;margin-bottom:15px;\">gegen Erstattung<\/h3><\/div><\/div>[vc_column_text]<\/p>\n<ul>\n<li>Holz, Glas, Beton, Sand, Plastic, Gummi, Papier<\/li>\n<li>Autoreifn mit oder Stahlfelgen<\/li>\n<\/ul>\n<p>[\/vc_column_text][\/vc_column][\/vc_row][vc_row full_width=&#8220;stretch_row&#8220; gap=&#8220;30&#8243; equal_height=&#8220;yes&#8220; bg_type=&#8220;image&#8220; parallax_style=&#8220;vcpb-default&#8220; bg_image_new=&#8220;id^16452|url^https:\/\/mentenmetaal.web-wings.net\/wp-content\/uploads\/2021\/06\/DSC04181-scaled.jpg|caption^null|alt^null|title^DSC04181|description^null&#8220; enable_overlay=&#8220;enable_overlay_value&#8220; overlay_color=&#8220;rgba(0,0,0,0.55)&#8220; css=&#8220;.vc_custom_1623335025290{padding-top: 20px !important;padding-bottom: 20px !important;}&#8220;][vc_column]<div id=\"ultimate-heading-876869eba1a34e2ac\" class=\"uvc-heading ult-adjust-bottom-margin ultimate-heading-876869eba1a34e2ac uvc-2727  uvc-heading-default-font-sizes\" data-hspacer=\"no_spacer\"  data-halign=\"center\" style=\"text-align:center\"><div class=\"uvc-heading-spacer no_spacer\" style=\"top\"><\/div><div class=\"uvc-sub-heading ult-responsive\"  data-ultimate-target='.uvc-heading.ultimate-heading-876869eba1a34e2ac .uvc-sub-heading '  data-responsive-json-new='{\"font-size\":\"\",\"line-height\":\"\"}'  style=\"font-weight:normal;\"><\/p>\n<h2 style=\"color: #fff;\">Aktuelle<\/h2>\n<h2 style=\"color: #fff; margin-left: 5px;\">Preisliste<\/h2>\n<p><\/div><\/div>[vc_column_text]<\/p>\n<p style=\"text-align: center; color: #fff;\">Schau dir die Preisliste heute noch an!<\/p>\n<p>[\/vc_column_text][vc_empty_space height=&#8220;15&#8243;]<div class=\"text-centered\"><a href=\"\/de\/prijslijst\/\" class=\"btn-shortcode dt-btn-l dt-btn default-btn-color default-btn-hover-color default-btn-bg-color default-btn-bg-hover-color\" id=\"dt-btn-1\"><span>Preisliste<\/span><\/a><\/div>[\/vc_column][\/vc_row]<\/p>\n<\/div>","protected":false},"excerpt":{"rendered":"<p>[vc_row css=&#8220;.vc_custom_1623333104890{padding-top: 50px !important;}&#8220;][vc_column][\/vc_column][\/vc_row][vc_row full_width=&#8220;stretch_row&#8220; gap=&#8220;35&#8243; equal_height=&#8220;yes&#8220; css=&#8220;.vc_custom_1624267913749{margin-top: 50px !important;}&#8220;][vc_column width=&#8220;1\/2&#8243; css=&#8220;.vc_custom_1627889754254{padding-top: 25px !important;padding-right: 25px !important;padding-bottom: 25px !important;padding-left: 25px !important;background-color: #ffffff !important;background-position: center !important;background-repeat: no-repeat !important;background-size: cover !important;}&#8220; el_class=&#8220;shadowbox&#8220;][vc_column_text] Ferro Metalle Non Ferro Metalle Elektro-Haushaltsger\u00e4te (keine Eisschr\u00e4nke, Tiefk\u00fchlschr\u00e4nke und K\u00fchlschr\u00e4nke) Autowracke (solange es keinen eingebauten Gastank hat) Katalysatoren Akkus (nur PB(Blei) enthaltende) Aluminium Felgen (mit&hellip;<\/p>\n","protected":false},"author":5,"featured_media":0,"parent":0,"menu_order":0,"comment_status":"closed","ping_status":"closed","template":"","meta":{"footnotes":""},"class_list":["post-16815","page","type-page","status-publish","hentry","description-off"],"yoast_head":"<!-- This site is optimized with the Yoast SEO plugin v27.4 - https:\/\/yoast.com\/product\/yoast-seo-wordpress\/ -->\n<title>Akzeptanzpolitik - Metaalrecycling Menten | Eerlijke prijzen<\/title>\n<meta name=\"description\" content=\"Wir m\u00fcssen uns an ein Akzeptanzpolitik halten. Welche Produkte wir nicht erstatten - nicht annehmen - gratis entsorgen - Du liest es hier!\" \/>\n<meta name=\"robots\" content=\"index, follow, max-snippet:-1, max-image-preview:large, max-video-preview:-1\" \/>\n<link rel=\"canonical\" href=\"https:\/\/mentenmetaal.nl\/de\/acceptatie-beleid\/\" \/>\n<meta property=\"og:locale\" content=\"de_DE\" \/>\n<meta property=\"og:type\" content=\"article\" \/>\n<meta property=\"og:title\" content=\"Akzeptanzpolitik - Metaalrecycling Menten | Eerlijke prijzen\" \/>\n<meta property=\"og:description\" content=\"Wir m\u00fcssen uns an ein Akzeptanzpolitik halten. Welche Produkte wir nicht erstatten - nicht annehmen - gratis entsorgen - Du liest es hier!\" \/>\n<meta property=\"og:url\" content=\"https:\/\/mentenmetaal.nl\/de\/acceptatie-beleid\/\" \/>\n<meta property=\"og:site_name\" content=\"Metaalrecycling Menten\" \/>\n<meta property=\"article:publisher\" content=\"https:\/\/www.facebook.com\/Menten-Metaalrecycling-BV-Sittard-107263398120433\/\" \/>\n<meta property=\"article:modified_time\" content=\"2023-12-07T08:30:28+00:00\" \/>\n<meta name=\"twitter:card\" content=\"summary_large_image\" \/>\n<meta name=\"twitter:label1\" content=\"Gesch\u00e4tzte Lesezeit\" \/>\n\t<meta name=\"twitter:data1\" content=\"2\u00a0Minuten\" \/>\n<script type=\"application\/ld+json\" class=\"yoast-schema-graph\">{\"@context\":\"https:\\\/\\\/schema.org\",\"@graph\":[{\"@type\":\"WebPage\",\"@id\":\"https:\\\/\\\/mentenmetaal.nl\\\/de\\\/acceptatie-beleid\\\/\",\"url\":\"https:\\\/\\\/mentenmetaal.nl\\\/de\\\/acceptatie-beleid\\\/\",\"name\":\"Akzeptanzpolitik - Metaalrecycling Menten | Eerlijke prijzen\",\"isPartOf\":{\"@id\":\"https:\\\/\\\/mentenmetaal.nl\\\/de\\\/#website\"},\"datePublished\":\"2021-06-10T13:51:32+00:00\",\"dateModified\":\"2023-12-07T08:30:28+00:00\",\"description\":\"Wir m\u00fcssen uns an ein Akzeptanzpolitik halten. Welche Produkte wir nicht erstatten - nicht annehmen - gratis entsorgen - Du liest es hier!\",\"breadcrumb\":{\"@id\":\"https:\\\/\\\/mentenmetaal.nl\\\/de\\\/acceptatie-beleid\\\/#breadcrumb\"},\"inLanguage\":\"de\",\"potentialAction\":[{\"@type\":\"ReadAction\",\"target\":[\"https:\\\/\\\/mentenmetaal.nl\\\/de\\\/acceptatie-beleid\\\/\"]}]},{\"@type\":\"BreadcrumbList\",\"@id\":\"https:\\\/\\\/mentenmetaal.nl\\\/de\\\/acceptatie-beleid\\\/#breadcrumb\",\"itemListElement\":[{\"@type\":\"ListItem\",\"position\":1,\"name\":\"Home\",\"item\":\"https:\\\/\\\/mentenmetaal.nl\\\/de\\\/\"},{\"@type\":\"ListItem\",\"position\":2,\"name\":\"Akzeptanzpolitik\"}]},{\"@type\":\"WebSite\",\"@id\":\"https:\\\/\\\/mentenmetaal.nl\\\/de\\\/#website\",\"url\":\"https:\\\/\\\/mentenmetaal.nl\\\/de\\\/\",\"name\":\"Metaalrecycling Menten Sittard\",\"description\":\"Domain\",\"publisher\":{\"@id\":\"https:\\\/\\\/mentenmetaal.nl\\\/de\\\/#organization\"},\"potentialAction\":[{\"@type\":\"SearchAction\",\"target\":{\"@type\":\"EntryPoint\",\"urlTemplate\":\"https:\\\/\\\/mentenmetaal.nl\\\/de\\\/?s={search_term_string}\"},\"query-input\":{\"@type\":\"PropertyValueSpecification\",\"valueRequired\":true,\"valueName\":\"search_term_string\"}}],\"inLanguage\":\"de\"},{\"@type\":\"Organization\",\"@id\":\"https:\\\/\\\/mentenmetaal.nl\\\/de\\\/#organization\",\"name\":\"Menten Metaalrecycling en oud ijzer\",\"url\":\"https:\\\/\\\/mentenmetaal.nl\\\/de\\\/\",\"logo\":{\"@type\":\"ImageObject\",\"inLanguage\":\"de\",\"@id\":\"https:\\\/\\\/mentenmetaal.nl\\\/de\\\/#\\\/schema\\\/logo\\\/image\\\/\",\"url\":\"https:\\\/\\\/mentenmetaal.nl\\\/wp-content\\\/uploads\\\/2021\\\/04\\\/Logo-Menten-Sittard-150-02.png\",\"contentUrl\":\"https:\\\/\\\/mentenmetaal.nl\\\/wp-content\\\/uploads\\\/2021\\\/04\\\/Logo-Menten-Sittard-150-02.png\",\"width\":621,\"height\":124,\"caption\":\"Menten Metaalrecycling en oud ijzer\"},\"image\":{\"@id\":\"https:\\\/\\\/mentenmetaal.nl\\\/de\\\/#\\\/schema\\\/logo\\\/image\\\/\"},\"sameAs\":[\"https:\\\/\\\/www.facebook.com\\\/Menten-Metaalrecycling-BV-Sittard-107263398120433\\\/\"]}]}<\/script>\n<!-- \/ Yoast SEO plugin. -->","yoast_head_json":{"title":"Akzeptanzpolitik - Metaalrecycling Menten | Eerlijke prijzen","description":"Wir m\u00fcssen uns an ein Akzeptanzpolitik halten. Welche Produkte wir nicht erstatten - nicht annehmen - gratis entsorgen - Du liest es hier!","robots":{"index":"index","follow":"follow","max-snippet":"max-snippet:-1","max-image-preview":"max-image-preview:large","max-video-preview":"max-video-preview:-1"},"canonical":"https:\/\/mentenmetaal.nl\/de\/acceptatie-beleid\/","og_locale":"de_DE","og_type":"article","og_title":"Akzeptanzpolitik - Metaalrecycling Menten | Eerlijke prijzen","og_description":"Wir m\u00fcssen uns an ein Akzeptanzpolitik halten. Welche Produkte wir nicht erstatten - nicht annehmen - gratis entsorgen - Du liest es hier!","og_url":"https:\/\/mentenmetaal.nl\/de\/acceptatie-beleid\/","og_site_name":"Metaalrecycling Menten","article_publisher":"https:\/\/www.facebook.com\/Menten-Metaalrecycling-BV-Sittard-107263398120433\/","article_modified_time":"2023-12-07T08:30:28+00:00","twitter_card":"summary_large_image","twitter_misc":{"Gesch\u00e4tzte Lesezeit":"2\u00a0Minuten"},"schema":{"@context":"https:\/\/schema.org","@graph":[{"@type":"WebPage","@id":"https:\/\/mentenmetaal.nl\/de\/acceptatie-beleid\/","url":"https:\/\/mentenmetaal.nl\/de\/acceptatie-beleid\/","name":"Akzeptanzpolitik - Metaalrecycling Menten | Eerlijke prijzen","isPartOf":{"@id":"https:\/\/mentenmetaal.nl\/de\/#website"},"datePublished":"2021-06-10T13:51:32+00:00","dateModified":"2023-12-07T08:30:28+00:00","description":"Wir m\u00fcssen uns an ein Akzeptanzpolitik halten. Welche Produkte wir nicht erstatten - nicht annehmen - gratis entsorgen - Du liest es hier!","breadcrumb":{"@id":"https:\/\/mentenmetaal.nl\/de\/acceptatie-beleid\/#breadcrumb"},"inLanguage":"de","potentialAction":[{"@type":"ReadAction","target":["https:\/\/mentenmetaal.nl\/de\/acceptatie-beleid\/"]}]},{"@type":"BreadcrumbList","@id":"https:\/\/mentenmetaal.nl\/de\/acceptatie-beleid\/#breadcrumb","itemListElement":[{"@type":"ListItem","position":1,"name":"Home","item":"https:\/\/mentenmetaal.nl\/de\/"},{"@type":"ListItem","position":2,"name":"Akzeptanzpolitik"}]},{"@type":"WebSite","@id":"https:\/\/mentenmetaal.nl\/de\/#website","url":"https:\/\/mentenmetaal.nl\/de\/","name":"Metaalrecycling Menten Sittard","description":"Domain","publisher":{"@id":"https:\/\/mentenmetaal.nl\/de\/#organization"},"potentialAction":[{"@type":"SearchAction","target":{"@type":"EntryPoint","urlTemplate":"https:\/\/mentenmetaal.nl\/de\/?s={search_term_string}"},"query-input":{"@type":"PropertyValueSpecification","valueRequired":true,"valueName":"search_term_string"}}],"inLanguage":"de"},{"@type":"Organization","@id":"https:\/\/mentenmetaal.nl\/de\/#organization","name":"Menten Metaalrecycling en oud ijzer","url":"https:\/\/mentenmetaal.nl\/de\/","logo":{"@type":"ImageObject","inLanguage":"de","@id":"https:\/\/mentenmetaal.nl\/de\/#\/schema\/logo\/image\/","url":"https:\/\/mentenmetaal.nl\/wp-content\/uploads\/2021\/04\/Logo-Menten-Sittard-150-02.png","contentUrl":"https:\/\/mentenmetaal.nl\/wp-content\/uploads\/2021\/04\/Logo-Menten-Sittard-150-02.png","width":621,"height":124,"caption":"Menten Metaalrecycling en oud ijzer"},"image":{"@id":"https:\/\/mentenmetaal.nl\/de\/#\/schema\/logo\/image\/"},"sameAs":["https:\/\/www.facebook.com\/Menten-Metaalrecycling-BV-Sittard-107263398120433\/"]}]}},"_links":{"self":[{"href":"https:\/\/mentenmetaal.nl\/de\/wp-json\/wp\/v2\/pages\/16815","targetHints":{"allow":["GET"]}}],"collection":[{"href":"https:\/\/mentenmetaal.nl\/de\/wp-json\/wp\/v2\/pages"}],"about":[{"href":"https:\/\/mentenmetaal.nl\/de\/wp-json\/wp\/v2\/types\/page"}],"author":[{"embeddable":true,"href":"https:\/\/mentenmetaal.nl\/de\/wp-json\/wp\/v2\/users\/5"}],"replies":[{"embeddable":true,"href":"https:\/\/mentenmetaal.nl\/de\/wp-json\/wp\/v2\/comments?post=16815"}],"version-history":[{"count":22,"href":"https:\/\/mentenmetaal.nl\/de\/wp-json\/wp\/v2\/pages\/16815\/revisions"}],"predecessor-version":[{"id":17611,"href":"https:\/\/mentenmetaal.nl\/de\/wp-json\/wp\/v2\/pages\/16815\/revisions\/17611"}],"wp:attachment":[{"href":"https:\/\/mentenmetaal.nl\/de\/wp-json\/wp\/v2\/media?parent=16815"}],"curies":[{"name":"wp","href":"https:\/\/api.w.org\/{rel}","templated":true}]}}