{"id":16823,"date":"2021-06-10T08:39:58","date_gmt":"2021-06-10T08:39:58","guid":{"rendered":"https:\/\/mentenmetaal.nl\/katalysator-recycling\/"},"modified":"2023-05-31T14:28:52","modified_gmt":"2023-05-31T14:28:52","slug":"katalysator-recycling","status":"publish","type":"page","link":"https:\/\/mentenmetaal.nl\/de\/katalysator-recycling\/","title":{"rendered":"Katalysatorrecycling"},"content":{"rendered":"<div class=\"wpb-content-wrapper\"><p>[vc_row css=&#8220;.vc_custom_1624014088711{padding-top: 50px !important;padding-bottom: 50px !important;}&#8220;][vc_column]<div id=\"ultimate-heading-667269eb8e633032d\" class=\"uvc-heading ult-adjust-bottom-margin ultimate-heading-667269eb8e633032d uvc-746  uvc-heading-default-font-sizes\" data-hspacer=\"no_spacer\"  data-halign=\"left\" style=\"text-align:left\"><div class=\"uvc-heading-spacer no_spacer\" style=\"top\"><\/div><div class=\"uvc-sub-heading ult-responsive\"  data-ultimate-target='.uvc-heading.ultimate-heading-667269eb8e633032d .uvc-sub-heading '  data-responsive-json-new='{\"font-size\":\"\",\"line-height\":\"\"}'  style=\"font-weight:normal;\"><\/p>\n<div>\n<h1 style=\"text-align: left;\">Katalysator<\/h1>\n<h1 style=\"color: #008bcb; text-align: left;\">recycling<\/h1>\n<\/div>\n<p><\/div><\/div>[vc_column_text]Menten Metall bietet auch Katalysatorrecycling. Die besten Preise f\u00fcr Ihren Katalysator bekommen Sie hier! Nat\u00fcrlich hier auch Zahlung in Bar oder mit Karte. Wir basieren den Preis Ihres Kataylsators auf Qualit\u00e4t, Marke und Typ, wir geben diese Daten ein in unsere DATA-BASE, die berechnet dann mit den aktuellen B\u00f6rsenpreisen den Wert. Sodass Sie immer den besten Preis bekommen.[\/vc_column_text][vc_empty_space height=&#8220;20&#8243;]<a href=\"\/de\/acceptatie-beleid\/\" class=\"btn-shortcode dt-btn-m dt-btn default-btn-color default-btn-hover-color default-btn-bg-color default-btn-bg-hover-color\" id=\"dt-btn-1\"><span>Akzeptanzpolitik<\/span><\/a>[\/vc_column][\/vc_row][vc_row full_width=&#8220;stretch_row&#8220; gap=&#8220;15&#8243; equal_height=&#8220;yes&#8220; content_placement=&#8220;middle&#8220; bg_type=&#8220;bg_color&#8220; css=&#8220;.vc_custom_1623742847144{padding-top: 50px !important;padding-bottom: 50px !important;}&#8220; bg_color_value=&#8220;#01537c&#8220;][vc_column width=&#8220;2\/3&#8243;]<div id=\"ultimate-heading-111169eb8e63303eb\" class=\"uvc-heading ult-adjust-bottom-margin ultimate-heading-111169eb8e63303eb uvc-8558  uvc-heading-default-font-sizes\" data-hspacer=\"no_spacer\"  data-halign=\"center\" style=\"text-align:center\"><div class=\"uvc-heading-spacer no_spacer\" style=\"top\"><\/div><div class=\"uvc-sub-heading ult-responsive\"  data-ultimate-target='.uvc-heading.ultimate-heading-111169eb8e63303eb .uvc-sub-heading '  data-responsive-json-new='{\"font-size\":\"desktop:20px;\",\"line-height\":\"\"}'  style=\"font-weight:normal;color:#ffffff;\">M\u00f6chten Sie die aktuelle Preisliste sehen? Schau dann auf die Preisliste von Heute! Die aktualisieren wir T\u00e4glich f\u00fcr Sie.<\/div><\/div>[\/vc_column][vc_column width=&#8220;1\/3&#8243;]<style type=\"text\/css\">#dt-btn-2 {color: #01537c;background: #ffffff;}#dt-btn-2 > .text-wrap * {color: #01537c;}<\/style><div class=\"text-centered\"><a href=\"\/de\/prijslijst\/\" class=\"btn-shortcode dt-btn-m dt-btn custom-btn-color default-btn-hover-color default-btn-bg-hover-color\" id=\"dt-btn-2\"><span>Preisliste<\/span><\/a><\/div>[\/vc_column][\/vc_row][vc_row full_width=&#8220;stretch_row&#8220; gap=&#8220;15&#8243; equal_height=&#8220;yes&#8220; content_placement=&#8220;middle&#8220; bg_type=&#8220;bg_color&#8220; css=&#8220;.vc_custom_1624012877841{padding-top: 50px !important;padding-bottom: 50px !important;}&#8220; bg_color_value=&#8220;#f7f7f7&#8243; el_class=&#8220;reverse-row-on-mobile&#8220;][vc_column width=&#8220;1\/3&#8243; css=&#8220;.vc_custom_1626161722253{background-image: url(https:\/\/mentenmetaal.nl\/wp-content\/uploads\/2021\/06\/verkleind-auto-stort.jpg?id=16274) !important;}&#8220;][vc_empty_space height=&#8220;300&#8243; css=&#8220;.vc_custom_1623315568057{background-position: center !important;background-repeat: no-repeat !important;background-size: cover !important;}&#8220;][\/vc_column][vc_column width=&#8220;2\/3&#8243;]<div id=\"ultimate-heading-11169eb8e6330464\" class=\"uvc-heading ult-adjust-bottom-margin ultimate-heading-11169eb8e6330464 uvc-1457  uvc-heading-default-font-sizes\" data-hspacer=\"no_spacer\"  data-halign=\"left\" style=\"text-align:left\"><div class=\"uvc-heading-spacer no_spacer\" style=\"top\"><\/div><div class=\"uvc-main-heading ult-responsive\"  data-ultimate-target='.uvc-heading.ultimate-heading-11169eb8e6330464 h2'  data-responsive-json-new='{\"font-size\":\"\",\"line-height\":\"\"}' ><h2 style=\"--font-weight:theme;\">Warum ist Ihr Katalysator noch Geld wert?<\/h2><\/div><\/div>[vc_column_text]Katalysatoren sind noch Geld wert weil bei Menten Metall das Monolit rausgenommen wird. Damit kann in einem sp\u00e4terem Stadium eine superd\u00fcnne lage Platin, Palladium und Rhodium zur\u00fcckgewonnen werden. Dese <a href=\"https:\/\/www.its-beautiful.nl\/c-4798014\/wat-is-edelmetaal\/\" target=\"_blank\" rel=\"noopener\">Edelmetalle<\/a> bringen viel Geld.<\/p>\n<p>Der Preis von einem Kilo Palladium hat sich in den letzen 5 Jahren vervierfacht und bringt aktuell ungef\u00e4hr \u20ac55.000 in die Kasse. Haben Sie zum beispiel einen Toyota Prius? Diese Katalysatoren sind sehr gewollt. Die Konzentration Palladium ist h\u00f6her und weniger verschmutzt, weshalb er Ertrag h\u00f6her ist. M\u00f6chten Sie wissen wieviel Ihr Katalysator noch wert ist? Komm dann vorbei bei Menten Metall f\u00fcr Katalysatorrecycling oder nehmen Sie Kontakt auf.[\/vc_column_text][vc_empty_space height=&#8220;20&#8243;][\/vc_column][\/vc_row][vc_row gap=&#8220;30&#8243; equal_height=&#8220;yes&#8220; css=&#8220;.vc_custom_1623323684707{padding-top: 50px !important;padding-bottom: 50px !important;}&#8220;][vc_column width=&#8220;1\/2&#8243; el_class=&#8220;shadowbox&#8220; css=&#8220;.vc_custom_1623313243305{padding-top: 30px !important;padding-right: 20px !important;padding-bottom: 30px !important;padding-left: 20px !important;}&#8220;][vc_empty_space height=&#8220;10&#8243;]<div id=\"ultimate-heading-69569eb8e63304c1\" class=\"uvc-heading ult-adjust-bottom-margin ultimate-heading-69569eb8e63304c1 uvc-8147  uvc-heading-default-font-sizes\" data-hspacer=\"no_spacer\"  data-halign=\"center\" style=\"text-align:center\"><div class=\"uvc-heading-spacer no_spacer\" style=\"top\"><\/div><div class=\"uvc-sub-heading ult-responsive\"  data-ultimate-target='.uvc-heading.ultimate-heading-69569eb8e63304c1 .uvc-sub-heading '  data-responsive-json-new='{\"font-size\":\"\",\"line-height\":\"\"}'  style=\"font-weight:normal;\"><\/p>\n<h2>Auto und Katalysator<\/h2>\n<h2 style=\"color: #008bcb; margin-left: 5px;\">Zerquetschen<\/h2>\n<p><\/div><\/div>[vc_empty_space height=&#8220;10&#8243;][vc_column_text]<\/p>\n<p style=\"text-align: center;\">Haben sie noch ein Auto zum zerquetschen und der Katalysator ist noch drin? Dann k\u00f6nnen Sie uns auch Ihr Auto hierlassen gegen einen guten Preis.<\/p>\n<p>[\/vc_column_text][\/vc_column][vc_column width=&#8220;1\/2&#8243; el_class=&#8220;shadowbox&#8220; css=&#8220;.vc_custom_1623313123406{padding-top: 30px !important;padding-right: 20px !important;padding-bottom: 30px !important;padding-left: 20px !important;}&#8220;][vc_empty_space height=&#8220;10&#8243;]<div id=\"ultimate-heading-234369eb8e63304f1\" class=\"uvc-heading ult-adjust-bottom-margin ultimate-heading-234369eb8e63304f1 uvc-1210  uvc-heading-default-font-sizes\" data-hspacer=\"no_spacer\"  data-halign=\"center\" style=\"text-align:center\"><div class=\"uvc-heading-spacer no_spacer\" style=\"top\"><\/div><div class=\"uvc-sub-heading ult-responsive\"  data-ultimate-target='.uvc-heading.ultimate-heading-234369eb8e63304f1 .uvc-sub-heading '  data-responsive-json-new='{\"font-size\":\"\",\"line-height\":\"\"}'  style=\"font-weight:normal;\"><\/p>\n<h2>Katalysator<\/h2>\n<h2 style=\"color: #008bcb; margin-left: 5px;\">checken<\/h2>\n<p><\/div><\/div>[vc_empty_space height=&#8220;10&#8243;][vc_column_text css=&#8220;.vc_custom_1623410083777{padding-bottom: 10px !important;}&#8220;]<\/p>\n<p style=\"text-align: center;\">Bei uns k\u00f6nnen Sie ganz unverbindlich ihren Katalysator checken lassen um herauszufinden wieviel er wert ist! Immer einen vertrauensw\u00fcrdigen Preis wegen unserer Data-Base. Nehme hierf\u00fcr <a href=\"https:\/\/mentenmetaal.nl\/de\/contact\/\">Kontakt<\/a> mit uns auf.<\/p>\n<p>[\/vc_column_text][\/vc_column][\/vc_row][vc_row full_width=&#8220;stretch_row&#8220; gap=&#8220;30&#8243; equal_height=&#8220;yes&#8220; bg_type=&#8220;image&#8220; parallax_style=&#8220;vcpb-default&#8220; bg_image_new=&#8220;id^16127|url^https:\/\/mentenmetaal.web-wings.net\/wp-content\/uploads\/2021\/05\/test-onscherp.jpg|caption^null|alt^null|title^test onscherp|description^null&#8220; enable_overlay=&#8220;enable_overlay_value&#8220; overlay_color=&#8220;rgba(0,0,0,0.45)&#8220; css=&#8220;.vc_custom_1623323759004{padding-top: 25px !important;padding-bottom: 25px !important;}&#8220;][vc_column]<div id=\"ultimate-heading-677469eb8e633051c\" class=\"uvc-heading ult-adjust-bottom-margin ultimate-heading-677469eb8e633051c uvc-2585  uvc-heading-default-font-sizes\" data-hspacer=\"no_spacer\"  data-halign=\"center\" style=\"text-align:center\"><div class=\"uvc-heading-spacer no_spacer\" style=\"top\"><\/div><div class=\"uvc-sub-heading ult-responsive\"  data-ultimate-target='.uvc-heading.ultimate-heading-677469eb8e633051c .uvc-sub-heading '  data-responsive-json-new='{\"font-size\":\"\",\"line-height\":\"\"}'  style=\"font-weight:normal;\"><\/p>\n<div>\n<h2 style=\"text-align: left; color: #ffffff;\">Metall<\/h2>\n<h2 style=\"color: #008bcb; text-align: left;\">recyceln?<\/h2>\n<\/div>\n<p><\/div><\/div><div id=\"ultimate-heading-423269eb8e6330548\" class=\"uvc-heading ult-adjust-bottom-margin ultimate-heading-423269eb8e6330548 uvc-7708  uvc-heading-default-font-sizes\" data-hspacer=\"no_spacer\"  data-halign=\"center\" style=\"text-align:center\"><div class=\"uvc-heading-spacer no_spacer\" style=\"top\"><\/div><div class=\"uvc-sub-heading ult-responsive\"  data-ultimate-target='.uvc-heading.ultimate-heading-423269eb8e6330548 .uvc-sub-heading '  data-responsive-json-new='{\"font-size\":\"\",\"line-height\":\"\"}'  style=\"font-weight:normal;color:#ffffff;\"><\/p>\n<p style=\"text-align: center;\">Sie k\u00f6nnen bei Menten Metall nat\u00fcrlich auch Ihr Metall recyceln.<\/p>\n<p><\/div><\/div>[vc_empty_space height=&#8220;15&#8243;]<div class=\"text-centered\"><a href=\"\/de\/metaalrecycling\/\" class=\"btn-shortcode dt-btn-l dt-btn default-btn-color default-btn-hover-color default-btn-bg-color default-btn-bg-hover-color\" id=\"dt-btn-3\"><span>Metallrecycling<\/span><\/a><\/div>[\/vc_column][\/vc_row]<\/p>\n<\/div>","protected":false},"excerpt":{"rendered":"<p>[vc_row css=&#8220;.vc_custom_1624014088711{padding-top: 50px !important;padding-bottom: 50px !important;}&#8220;][vc_column][vc_column_text]Menten Metall bietet auch Katalysatorrecycling. Die besten Preise f\u00fcr Ihren Katalysator bekommen Sie hier! Nat\u00fcrlich hier auch Zahlung in Bar oder mit Karte. Wir basieren den Preis Ihres Kataylsators auf Qualit\u00e4t, Marke und Typ, wir geben diese Daten ein in unsere DATA-BASE, die berechnet dann mit den aktuellen B\u00f6rsenpreisen den&hellip;<\/p>\n","protected":false},"author":5,"featured_media":0,"parent":0,"menu_order":0,"comment_status":"closed","ping_status":"closed","template":"","meta":{"footnotes":""},"class_list":["post-16823","page","type-page","status-publish","hentry","description-off"],"yoast_head":"<!-- This site is optimized with the Yoast SEO plugin v27.4 - https:\/\/yoast.com\/product\/yoast-seo-wordpress\/ -->\n<title>Katalysatorrecycling | Menten Metaal Sittard<\/title>\n<meta name=\"description\" content=\"Katalysatorrecycling Abliefern und Abholen! F\u00fcr sowohl Privat als auch Unternehmen. Wir versorgen auch Metall Analysen Laser und XRF.\" \/>\n<meta name=\"robots\" content=\"index, follow, max-snippet:-1, max-image-preview:large, max-video-preview:-1\" \/>\n<link rel=\"canonical\" href=\"https:\/\/mentenmetaal.nl\/de\/katalysator-recycling\/\" \/>\n<meta property=\"og:locale\" content=\"de_DE\" \/>\n<meta property=\"og:type\" content=\"article\" \/>\n<meta property=\"og:title\" content=\"Katalysatorrecycling | Menten Metaal Sittard\" \/>\n<meta property=\"og:description\" content=\"Katalysatorrecycling Abliefern und Abholen! F\u00fcr sowohl Privat als auch Unternehmen. Wir versorgen auch Metall Analysen Laser und XRF.\" \/>\n<meta property=\"og:url\" content=\"https:\/\/mentenmetaal.nl\/de\/katalysator-recycling\/\" \/>\n<meta property=\"og:site_name\" content=\"Metaalrecycling Menten\" \/>\n<meta property=\"article:publisher\" content=\"https:\/\/www.facebook.com\/Menten-Metaalrecycling-BV-Sittard-107263398120433\/\" \/>\n<meta property=\"article:modified_time\" content=\"2023-05-31T14:28:52+00:00\" \/>\n<meta name=\"twitter:card\" content=\"summary_large_image\" \/>\n<meta name=\"twitter:label1\" content=\"Gesch\u00e4tzte Lesezeit\" \/>\n\t<meta name=\"twitter:data1\" content=\"2\u00a0Minuten\" \/>\n<script type=\"application\/ld+json\" class=\"yoast-schema-graph\">{\"@context\":\"https:\\\/\\\/schema.org\",\"@graph\":[{\"@type\":\"WebPage\",\"@id\":\"https:\\\/\\\/mentenmetaal.nl\\\/de\\\/katalysator-recycling\\\/\",\"url\":\"https:\\\/\\\/mentenmetaal.nl\\\/de\\\/katalysator-recycling\\\/\",\"name\":\"Katalysatorrecycling | Menten Metaal Sittard\",\"isPartOf\":{\"@id\":\"https:\\\/\\\/mentenmetaal.nl\\\/de\\\/#website\"},\"datePublished\":\"2021-06-10T08:39:58+00:00\",\"dateModified\":\"2023-05-31T14:28:52+00:00\",\"description\":\"Katalysatorrecycling Abliefern und Abholen! F\u00fcr sowohl Privat als auch Unternehmen. Wir versorgen auch Metall Analysen Laser und XRF.\",\"breadcrumb\":{\"@id\":\"https:\\\/\\\/mentenmetaal.nl\\\/de\\\/katalysator-recycling\\\/#breadcrumb\"},\"inLanguage\":\"de\",\"potentialAction\":[{\"@type\":\"ReadAction\",\"target\":[\"https:\\\/\\\/mentenmetaal.nl\\\/de\\\/katalysator-recycling\\\/\"]}]},{\"@type\":\"BreadcrumbList\",\"@id\":\"https:\\\/\\\/mentenmetaal.nl\\\/de\\\/katalysator-recycling\\\/#breadcrumb\",\"itemListElement\":[{\"@type\":\"ListItem\",\"position\":1,\"name\":\"Home\",\"item\":\"https:\\\/\\\/mentenmetaal.nl\\\/de\\\/\"},{\"@type\":\"ListItem\",\"position\":2,\"name\":\"Katalysatorrecycling\"}]},{\"@type\":\"WebSite\",\"@id\":\"https:\\\/\\\/mentenmetaal.nl\\\/de\\\/#website\",\"url\":\"https:\\\/\\\/mentenmetaal.nl\\\/de\\\/\",\"name\":\"Metaalrecycling Menten Sittard\",\"description\":\"Domain\",\"publisher\":{\"@id\":\"https:\\\/\\\/mentenmetaal.nl\\\/de\\\/#organization\"},\"potentialAction\":[{\"@type\":\"SearchAction\",\"target\":{\"@type\":\"EntryPoint\",\"urlTemplate\":\"https:\\\/\\\/mentenmetaal.nl\\\/de\\\/?s={search_term_string}\"},\"query-input\":{\"@type\":\"PropertyValueSpecification\",\"valueRequired\":true,\"valueName\":\"search_term_string\"}}],\"inLanguage\":\"de\"},{\"@type\":\"Organization\",\"@id\":\"https:\\\/\\\/mentenmetaal.nl\\\/de\\\/#organization\",\"name\":\"Menten Metaalrecycling en oud ijzer\",\"url\":\"https:\\\/\\\/mentenmetaal.nl\\\/de\\\/\",\"logo\":{\"@type\":\"ImageObject\",\"inLanguage\":\"de\",\"@id\":\"https:\\\/\\\/mentenmetaal.nl\\\/de\\\/#\\\/schema\\\/logo\\\/image\\\/\",\"url\":\"https:\\\/\\\/mentenmetaal.nl\\\/wp-content\\\/uploads\\\/2021\\\/04\\\/Logo-Menten-Sittard-150-02.png\",\"contentUrl\":\"https:\\\/\\\/mentenmetaal.nl\\\/wp-content\\\/uploads\\\/2021\\\/04\\\/Logo-Menten-Sittard-150-02.png\",\"width\":621,\"height\":124,\"caption\":\"Menten Metaalrecycling en oud ijzer\"},\"image\":{\"@id\":\"https:\\\/\\\/mentenmetaal.nl\\\/de\\\/#\\\/schema\\\/logo\\\/image\\\/\"},\"sameAs\":[\"https:\\\/\\\/www.facebook.com\\\/Menten-Metaalrecycling-BV-Sittard-107263398120433\\\/\"]}]}<\/script>\n<!-- \/ Yoast SEO plugin. -->","yoast_head_json":{"title":"Katalysatorrecycling | Menten Metaal Sittard","description":"Katalysatorrecycling Abliefern und Abholen! F\u00fcr sowohl Privat als auch Unternehmen. Wir versorgen auch Metall Analysen Laser und XRF.","robots":{"index":"index","follow":"follow","max-snippet":"max-snippet:-1","max-image-preview":"max-image-preview:large","max-video-preview":"max-video-preview:-1"},"canonical":"https:\/\/mentenmetaal.nl\/de\/katalysator-recycling\/","og_locale":"de_DE","og_type":"article","og_title":"Katalysatorrecycling | Menten Metaal Sittard","og_description":"Katalysatorrecycling Abliefern und Abholen! F\u00fcr sowohl Privat als auch Unternehmen. Wir versorgen auch Metall Analysen Laser und XRF.","og_url":"https:\/\/mentenmetaal.nl\/de\/katalysator-recycling\/","og_site_name":"Metaalrecycling Menten","article_publisher":"https:\/\/www.facebook.com\/Menten-Metaalrecycling-BV-Sittard-107263398120433\/","article_modified_time":"2023-05-31T14:28:52+00:00","twitter_card":"summary_large_image","twitter_misc":{"Gesch\u00e4tzte Lesezeit":"2\u00a0Minuten"},"schema":{"@context":"https:\/\/schema.org","@graph":[{"@type":"WebPage","@id":"https:\/\/mentenmetaal.nl\/de\/katalysator-recycling\/","url":"https:\/\/mentenmetaal.nl\/de\/katalysator-recycling\/","name":"Katalysatorrecycling | Menten Metaal Sittard","isPartOf":{"@id":"https:\/\/mentenmetaal.nl\/de\/#website"},"datePublished":"2021-06-10T08:39:58+00:00","dateModified":"2023-05-31T14:28:52+00:00","description":"Katalysatorrecycling Abliefern und Abholen! F\u00fcr sowohl Privat als auch Unternehmen. Wir versorgen auch Metall Analysen Laser und XRF.","breadcrumb":{"@id":"https:\/\/mentenmetaal.nl\/de\/katalysator-recycling\/#breadcrumb"},"inLanguage":"de","potentialAction":[{"@type":"ReadAction","target":["https:\/\/mentenmetaal.nl\/de\/katalysator-recycling\/"]}]},{"@type":"BreadcrumbList","@id":"https:\/\/mentenmetaal.nl\/de\/katalysator-recycling\/#breadcrumb","itemListElement":[{"@type":"ListItem","position":1,"name":"Home","item":"https:\/\/mentenmetaal.nl\/de\/"},{"@type":"ListItem","position":2,"name":"Katalysatorrecycling"}]},{"@type":"WebSite","@id":"https:\/\/mentenmetaal.nl\/de\/#website","url":"https:\/\/mentenmetaal.nl\/de\/","name":"Metaalrecycling Menten Sittard","description":"Domain","publisher":{"@id":"https:\/\/mentenmetaal.nl\/de\/#organization"},"potentialAction":[{"@type":"SearchAction","target":{"@type":"EntryPoint","urlTemplate":"https:\/\/mentenmetaal.nl\/de\/?s={search_term_string}"},"query-input":{"@type":"PropertyValueSpecification","valueRequired":true,"valueName":"search_term_string"}}],"inLanguage":"de"},{"@type":"Organization","@id":"https:\/\/mentenmetaal.nl\/de\/#organization","name":"Menten Metaalrecycling en oud ijzer","url":"https:\/\/mentenmetaal.nl\/de\/","logo":{"@type":"ImageObject","inLanguage":"de","@id":"https:\/\/mentenmetaal.nl\/de\/#\/schema\/logo\/image\/","url":"https:\/\/mentenmetaal.nl\/wp-content\/uploads\/2021\/04\/Logo-Menten-Sittard-150-02.png","contentUrl":"https:\/\/mentenmetaal.nl\/wp-content\/uploads\/2021\/04\/Logo-Menten-Sittard-150-02.png","width":621,"height":124,"caption":"Menten Metaalrecycling en oud ijzer"},"image":{"@id":"https:\/\/mentenmetaal.nl\/de\/#\/schema\/logo\/image\/"},"sameAs":["https:\/\/www.facebook.com\/Menten-Metaalrecycling-BV-Sittard-107263398120433\/"]}]}},"_links":{"self":[{"href":"https:\/\/mentenmetaal.nl\/de\/wp-json\/wp\/v2\/pages\/16823","targetHints":{"allow":["GET"]}}],"collection":[{"href":"https:\/\/mentenmetaal.nl\/de\/wp-json\/wp\/v2\/pages"}],"about":[{"href":"https:\/\/mentenmetaal.nl\/de\/wp-json\/wp\/v2\/types\/page"}],"author":[{"embeddable":true,"href":"https:\/\/mentenmetaal.nl\/de\/wp-json\/wp\/v2\/users\/5"}],"replies":[{"embeddable":true,"href":"https:\/\/mentenmetaal.nl\/de\/wp-json\/wp\/v2\/comments?post=16823"}],"version-history":[{"count":11,"href":"https:\/\/mentenmetaal.nl\/de\/wp-json\/wp\/v2\/pages\/16823\/revisions"}],"predecessor-version":[{"id":17484,"href":"https:\/\/mentenmetaal.nl\/de\/wp-json\/wp\/v2\/pages\/16823\/revisions\/17484"}],"wp:attachment":[{"href":"https:\/\/mentenmetaal.nl\/de\/wp-json\/wp\/v2\/media?parent=16823"}],"curies":[{"name":"wp","href":"https:\/\/api.w.org\/{rel}","templated":true}]}}