{"id":16838,"date":"2021-06-09T13:33:20","date_gmt":"2021-06-09T13:33:20","guid":{"rendered":"https:\/\/mentenmetaal.nl\/metaalrecycling\/"},"modified":"2024-06-13T11:31:03","modified_gmt":"2024-06-13T11:31:03","slug":"metaalrecycling","status":"publish","type":"page","link":"https:\/\/mentenmetaal.nl\/de\/metaalrecycling\/","title":{"rendered":"Metallrecycling"},"content":{"rendered":"<div class=\"wpb-content-wrapper\"><p>[vc_row css=&#8220;.vc_custom_1624013969325{padding-top: 50px !important;padding-bottom: 50px !important;}&#8220;][vc_column]<div id=\"ultimate-heading-872269eb8e7dc14a1\" class=\"uvc-heading ult-adjust-bottom-margin ultimate-heading-872269eb8e7dc14a1 uvc-5721  uvc-heading-default-font-sizes\" data-hspacer=\"no_spacer\"  data-halign=\"left\" style=\"text-align:left\"><div class=\"uvc-heading-spacer no_spacer\" style=\"top\"><\/div><div class=\"uvc-sub-heading ult-responsive\"  data-ultimate-target='.uvc-heading.ultimate-heading-872269eb8e7dc14a1 .uvc-sub-heading '  data-responsive-json-new='{\"font-size\":\"\",\"line-height\":\"\"}'  style=\"font-weight:normal;\"><\/p>\n<div>\n<h1 style=\"text-align: left;\">Metall<\/h1>\n<h1 style=\"color: #008bcb; text-align: left;\">recycling<\/h1>\n<\/div>\n<p><\/div><\/div>[vc_column_text]Haben Sie Metall, dem Sie neues Leben einhauchen m\u00f6chten? Dann lassen Sie es bei Menten Metaal recyceln. Als Experten auf dem Gebiet der Metallverarbeitung sorgen wir f\u00fcr eine sorgf\u00e4ltige Trennung aller Arten wie Kupfer, Aluminium, Zink, Edelstahl, Blei und Batterien. Wir trennen diese Materialien, die wenig oder kein Eisen enthalten, je nach Qualit\u00e4t und Preisklasse. Auf dieser Website erfahren Sie alles \u00fcber die Materialien, die wir annehmen und nicht annehmen, sowie \u00fcber die Entsch\u00e4digung, die wir daf\u00fcr erhalten. M\u00f6chten Sie mehr wissen? Dann lesen Sie weiter.[\/vc_column_text][vc_empty_space height=&#8220;30&#8243;]<a href=\"\/de\/acceptatie-beleid\/\" class=\"btn-shortcode dt-btn-m dt-btn default-btn-color default-btn-hover-color default-btn-bg-color default-btn-bg-hover-color\" id=\"dt-btn-1\"><span>Akzeptanzpolitik<\/span><\/a>[\/vc_column][\/vc_row][vc_row full_width=&#8220;stretch_row&#8220; gap=&#8220;15&#8243; equal_height=&#8220;yes&#8220; content_placement=&#8220;middle&#8220; bg_type=&#8220;bg_color&#8220; css=&#8220;.vc_custom_1623742512107{padding-top: 50px !important;padding-bottom: 50px !important;}&#8220; bg_color_value=&#8220;#01537c&#8220;][vc_column width=&#8220;2\/3&#8243;]<div id=\"ultimate-heading-175169eb8e7dc1549\" class=\"uvc-heading ult-adjust-bottom-margin ultimate-heading-175169eb8e7dc1549 uvc-4220  uvc-heading-default-font-sizes\" data-hspacer=\"no_spacer\"  data-halign=\"center\" style=\"text-align:center\"><div class=\"uvc-heading-spacer no_spacer\" style=\"top\"><\/div><div class=\"uvc-sub-heading ult-responsive\"  data-ultimate-target='.uvc-heading.ultimate-heading-175169eb8e7dc1549 .uvc-sub-heading '  data-responsive-json-new='{\"font-size\":\"desktop:20px;\",\"line-height\":\"\"}'  style=\"font-weight:normal;color:#ffffff;\">M\u00f6chten Sie die aktuelle Preisliste sehen? Schau dann auf die Preisliste von Heute! Die aktualisieren wir T\u00e4glich f\u00fcr Sie.<\/div><\/div>[\/vc_column][vc_column width=&#8220;1\/3&#8243;]<style type=\"text\/css\">#dt-btn-2 {color: #1e73be;background: #ffffff;}#dt-btn-2 > .text-wrap * {color: #1e73be;}<\/style><div class=\"text-centered\"><a href=\"\/de\/prijslijst\/\" class=\"btn-shortcode dt-btn-m dt-btn custom-btn-color default-btn-hover-color default-btn-bg-hover-color\" id=\"dt-btn-2\"><span>Preisliste<\/span><\/a><\/div>[\/vc_column][\/vc_row][vc_row full_width=&#8220;stretch_row&#8220; gap=&#8220;10&#8243; equal_height=&#8220;yes&#8220; content_placement=&#8220;middle&#8220; bg_type=&#8220;bg_color&#8220; css=&#8220;.vc_custom_1627892666407{padding-top: 50px !important;padding-bottom: 50px !important;}&#8220; bg_color_value=&#8220;#f7f7f7&#8243; el_class=&#8220;reverse-row-on-mobile&#8220;][vc_column width=&#8220;1\/3&#8243; css=&#8220;.vc_custom_1706803064297{background-image: url(https:\/\/mentenmetaal.nl\/wp-content\/uploads\/2024\/02\/verkleind-1.jpg?id=17680) !important;background-position: center !important;background-repeat: no-repeat !important;background-size: cover !important;}&#8220;][vc_empty_space height=&#8220;300&#8243; css=&#8220;.vc_custom_1623248357668{background-image: url(https:\/\/mentenmetaal.web-wings.net\/wp-content\/uploads\/2021\/06\/verkleind-4.jpg?id=16213) !important;background-position: center !important;background-repeat: no-repeat !important;background-size: cover !important;}&#8220;][\/vc_column][vc_column width=&#8220;2\/3&#8243; css=&#8220;.vc_custom_1678868883877{padding-top: 25px !important;padding-bottom: 25px !important;padding-left: 30px !important;}&#8220;][vc_column_text]<\/p>\n<h2>Warum ist Mettalrecycling wichtig?<\/h2>\n<p>Metallrecycling ist wichtig, weil Recycling eine nachhaltige Art der Abfallbeseitigung ist. Wenn Materialien wiederverwendet werden k\u00f6nnen, brauchen wir weniger Rohstoffe. Durch Metallrecycling sinkt die Nachfrage nach neuen Metallen, weil recycelte Materialien wiederverwendet werden k\u00f6nnen. Auf diese Weise wird auch der Abfall reduziert. Abfall ist nat\u00fcrlich ein wichtiger Faktor f\u00fcr die Umweltverschmutzung. Durch die Wiederverwendung und das Recycling von Metall sorgen wir gemeinsam daf\u00fcr, dass wir \u00fcbersch\u00fcssigen Abfall reduzieren k\u00f6nnen.<\/p>\n<h2>Unbekanntes Metall<\/h2>\n<p>Wenn Sie im Besitz verschiedener Metalle sind, aber nicht genau wissen, zu welcher Kategorie sie geh\u00f6ren, ist das kein Problem. Wir von Menten Metaal helfen Ihnen gerne, herauszufinden, um welche Materialien es sich handelt, damit wir genau wissen, wie wir sie am besten recyceln k\u00f6nnen. In unseren Annahmerichtlinien finden Sie die Materialien, die wir zur\u00fccknehmen, die Metalle, die wir nicht annehmen, und die Metalle, die wir gegen eine Geb\u00fchr annehmen. Nachdem wir das Metall identifiziert haben, k\u00f6nnen wir Ihnen sagen, was der n\u00e4chste Schritt beim Metallrecycling ist.[\/vc_column_text][\/vc_column][\/vc_row][vc_row css=&#8220;.vc_custom_1624013969325{padding-top: 50px !important;padding-bottom: 50px !important;}&#8220;][vc_column width=&#8220;1\/2&#8243;][vc_column_text]<\/p>\n<h2>Metallrecycling &#8211; Wie gehen wir vor?<\/h2>\n<p>Ob Sie viele, wenige, schwere oder leichte Metalle anliefern wollen, Sie k\u00f6nnen sich jederzeit an uns wenden. Sowohl Privatpersonen als auch Unternehmen k\u00f6nnen sich an Menten Metaal in Sittard wenden. Schlie\u00dflich haben wir Kr\u00e4ne, Lastwagen, Gabelstapler, Beh\u00e4lter, Container und vieles mehr. Auf diese Weise machen wir es nicht nur uns, sondern auch Ihnen leicht.<\/p>\n<p>Wenn Sie Ihre Metalle bei uns entsorgen wollen, pr\u00fcfen wir zun\u00e4chst gemeinsam mit Ihnen, welche Metalle Sie mitgebracht haben und wie wir diese am besten verwerten k\u00f6nnen. Unsere erfahrenen Mitarbeiter machen sich schnell f\u00fcr Sie an die Arbeit und teilen die Metalle fachgerecht auf. Danach erstellen wir eine Berechnung der Entsch\u00e4digung oder der Kosten, die auf Sie zukommen werden.<\/p>\n<p>Dann geht es an die eigentliche Verarbeitung der Metalle. Denn Umweltfreundlichkeit ist f\u00fcr uns von gr\u00f6\u00dfter Bedeutung. Wir arbeiten umweltbewusst und kundenfreundlich. Um dies zu gew\u00e4hrleisten, gelten bei uns die folgenden Regeln:<\/p>\n<ul>\n<li>Legitimationspflicht<\/li>\n<li>Umweltauflagen<\/li>\n<li>Anforderungen an die Sicherheit<\/li>\n<li>Anforderungen an die Verwaltung<\/li>\n<\/ul>\n<p>Neben dem Metallrecycling sind wir auch f\u00fcr Sie da, wenn Sie einen <a href=\"\/de\/katalysator-recycling\/\">Katalysator<\/a> oder eine <a href=\"\/de\/katalysator-recycling\/\">Accu<\/a> recyceln m\u00f6chten. Diese nehmen wir Ihnen gerne ab! Haben Sie zuf\u00e4llig eine Menge Metall herumliegen und sind Sie neugierig auf den Schrottpreis bei Menten Metaal? Z\u00f6gern Sie nicht und besuchen Sie uns oder nehmen Sie <a href=\"\/de\/contact\/\">Kontakt<\/a> mit uns auf. Wir beantworten gerne alle Ihre Fragen.[\/vc_column_text][vc_empty_space height=&#8220;30&#8243;][\/vc_column][vc_column width=&#8220;1\/2&#8243; css=&#8220;.vc_custom_1678869268671{padding-top: 30px !important;}&#8220;]<style type=\"text\/css\" data-type=\"the7_shortcodes-inline-css\">.shortcode-single-image-wrap.shortcode-single-image-b82710658a27d3ebc479a299cd40bf6c.enable-bg-rollover .rollover i,\n.shortcode-single-image-wrap.shortcode-single-image-b82710658a27d3ebc479a299cd40bf6c.enable-bg-rollover .rollover-video i {\n  background: -webkit-linear-gradient();\n  background: linear-gradient();\n}\n.shortcode-single-image-wrap.shortcode-single-image-b82710658a27d3ebc479a299cd40bf6c .rollover-icon {\n  font-size: 32px;\n  color: #ffffff;\n  min-width: 44px;\n  min-height: 44px;\n  line-height: 44px;\n  border-radius: 100px;\n  border-style: solid;\n  border-width: 0px;\n}\n.dt-icon-bg-on.shortcode-single-image-wrap.shortcode-single-image-b82710658a27d3ebc479a299cd40bf6c .rollover-icon {\n  background: rgba(255,255,255,0.3);\n  box-shadow: none;\n}<\/style><div class=\"shortcode-single-image-wrap shortcode-single-image-b82710658a27d3ebc479a299cd40bf6c alignnone  enable-bg-rollover dt-icon-bg-off\" style=\"margin-top:0px; margin-bottom:0px; margin-left:0px; margin-right:0px; width:500px;\"><div class=\"shortcode-single-image\"><div class=\"fancy-media-wrap  layzr-bg\" style=\"\"><img fetchpriority=\"high\" decoding=\"async\" class=\"preload-me lazy-load aspect\" src=\"data:image\/svg+xml,%3Csvg%20xmlns%3D&#39;http%3A%2F%2Fwww.w3.org%2F2000%2Fsvg&#39;%20viewBox%3D&#39;0%200%20500%20750&#39;%2F%3E\" data-src=\"https:\/\/mentenmetaal.nl\/wp-content\/uploads\/2024\/02\/hans-ripa-lViDeqslWhs-unsplash-500x750.jpg\" data-srcset=\"https:\/\/mentenmetaal.nl\/wp-content\/uploads\/2024\/02\/hans-ripa-lViDeqslWhs-unsplash-500x750.jpg 500w, https:\/\/mentenmetaal.nl\/wp-content\/uploads\/2024\/02\/hans-ripa-lViDeqslWhs-unsplash.jpg 640w\" loading=\"eager\" sizes=\"(max-width: 500px) 100vw, 500px\" width=\"500\" height=\"750\"  data-dt-location=\"https:\/\/mentenmetaal.nl\/de\/metaalrecycling\/hans-ripa-lvideqslwhs-unsplash-2-2\/\" style=\"--ratio: 500 \/ 750;\" alt=\"Metall-Recycling\" \/><\/div><\/div><\/div>[\/vc_column][\/vc_row][vc_row gap=&#8220;30&#8243; equal_height=&#8220;yes&#8220; css=&#8220;.vc_custom_1623250828566{padding-top: 50px !important;padding-bottom: 50px !important;}&#8220;][vc_column width=&#8220;1\/2&#8243; el_class=&#8220;shadowbox&#8220; css=&#8220;.vc_custom_1623313243305{padding-top: 30px !important;padding-right: 20px !important;padding-bottom: 30px !important;padding-left: 20px !important;}&#8220;][vc_raw_html]PGNlbnRlcj48c2NyaXB0IHNyYz0iaHR0cHM6Ly9jZG4ubG9yZGljb24uY29tL2xpYnMvZnJodmJ1emovbG9yZC1pY29uLTIuMC4yLmpzIj48L3NjcmlwdD4KPGxvcmQtaWNvbiBzcmM9Imh0dHBzOi8vY2RuLmxvcmRpY29uLmNvbS93Zmt4aXd0dy5qc29uIiB0cmlnZ2VyPSJob3ZlciIgY29sb3JzPSJwcmltYXJ5OiMyNDI0MjQsc2Vjb25kYXJ5OiMwMDhiY2IiIHN0eWxlPSJ3aWR0aDo3MHB4O2hlaWdodDo3MHB4Ij4KPC9sb3JkLWljb24+PC9jZW50ZXI+[\/vc_raw_html][vc_empty_space height=&#8220;10&#8243;]<div id=\"ultimate-heading-881469eb8e7dc1eee\" class=\"uvc-heading ult-adjust-bottom-margin ultimate-heading-881469eb8e7dc1eee uvc-5478  uvc-heading-default-font-sizes\" data-hspacer=\"no_spacer\"  data-halign=\"center\" style=\"text-align:center\"><div class=\"uvc-heading-spacer no_spacer\" style=\"top\"><\/div><div class=\"uvc-sub-heading ult-responsive\"  data-ultimate-target='.uvc-heading.ultimate-heading-881469eb8e7dc1eee .uvc-sub-heading '  data-responsive-json-new='{\"font-size\":\"\",\"line-height\":\"\"}'  style=\"font-weight:normal;\"><\/p>\n<h2>Wiegen und<\/h2>\n<h2 style=\"color: #008bcb; margin-left: 5px;\">Sortieren<\/h2>\n<p><\/div><\/div>[vc_empty_space height=&#8220;10&#8243;][vc_column_text]Das Metall wurde sicher gewogen. Auf unseren M\u00fclltonnen waren die Steine \u200b\u200btot und wogen 50 Tonnen. Anschlie\u00dfend wurde das Metall gewogen und dann in einen Beh\u00e4lter sortiert.[\/vc_column_text][\/vc_column][vc_column width=&#8220;1\/2&#8243; el_class=&#8220;shadowbox&#8220; css=&#8220;.vc_custom_1623313123406{padding-top: 30px !important;padding-right: 20px !important;padding-bottom: 30px !important;padding-left: 20px !important;}&#8220;][vc_raw_html]PGNlbnRlcj48c2NyaXB0IHNyYz0iaHR0cHM6Ly9jZG4ubG9yZGljb24uY29tL2xpYnMvZnJodmJ1emovbG9yZC1pY29uLTIuMC4yLmpzIj48L3NjcmlwdD4KPGxvcmQtaWNvbiBzcmM9Imh0dHBzOi8vY2RuLmxvcmRpY29uLmNvbS9yZ3lmdG1oYy5qc29uIiB0cmlnZ2VyPSJob3ZlciIgY29sb3JzPSJwcmltYXJ5OiMyNDI0MjQsc2Vjb25kYXJ5OiMwMDhiY2IiIHN0eWxlPSJ3aWR0aDo3MHB4O2hlaWdodDo3MHB4Ij4KPC9sb3JkLWljb24+PGNlbnRlcj48L2NlbnRlcj48L2NlbnRlcj4=[\/vc_raw_html][vc_empty_space height=&#8220;10&#8243;]<div id=\"ultimate-heading-175869eb8e7dc1f25\" class=\"uvc-heading ult-adjust-bottom-margin ultimate-heading-175869eb8e7dc1f25 uvc-6883  uvc-heading-default-font-sizes\" data-hspacer=\"no_spacer\"  data-halign=\"center\" style=\"text-align:center\"><div class=\"uvc-heading-spacer no_spacer\" style=\"top\"><\/div><div class=\"uvc-sub-heading ult-responsive\"  data-ultimate-target='.uvc-heading.ultimate-heading-175869eb8e7dc1f25 .uvc-sub-heading '  data-responsive-json-new='{\"font-size\":\"\",\"line-height\":\"\"}'  style=\"font-weight:normal;\"><\/p>\n<h2>Einfache<\/h2>\n<h2 style=\"color: #008bcb; margin-left: 5px;\">bezahlung<\/h2>\n<p><\/div><\/div>[vc_empty_space height=&#8220;10&#8243;][vc_column_text]<\/p>\n<p style=\"text-align: center;\">Die Zahlung kann stattfinden so wie Sie es m\u00f6chten, Bar oder mit Karte. Bei gr\u00f6\u00dferen Mengen und sch\u00f6ner Fracht k\u00f6nnen wir Ihnen einen extra guten Preis anbieten.<\/p>\n<p>[\/vc_column_text][\/vc_column][\/vc_row][vc_row full_width=&#8220;stretch_row&#8220; gap=&#8220;30&#8243; equal_height=&#8220;yes&#8220; bg_type=&#8220;image&#8220; parallax_style=&#8220;vcpb-default&#8220; bg_image_new=&#8220;id^16289|url^https:\/\/mentenmetaal.web-wings.net\/wp-content\/uploads\/2021\/06\/koper-slider.jpg|caption^null|alt^null|title^koper slider|description^null&#8220; enable_overlay=&#8220;enable_overlay_value&#8220; overlay_color=&#8220;rgba(30,30,30,0.45)&#8220; css=&#8220;.vc_custom_1623317450359{padding-top: 25px !important;padding-bottom: 25px !important;}&#8220;][vc_column]<div id=\"ultimate-heading-258869eb8e7dc1f58\" class=\"uvc-heading ult-adjust-bottom-margin ultimate-heading-258869eb8e7dc1f58 uvc-2079  uvc-heading-default-font-sizes\" data-hspacer=\"no_spacer\"  data-halign=\"center\" style=\"text-align:center\"><div class=\"uvc-heading-spacer no_spacer\" style=\"top\"><\/div><div class=\"uvc-sub-heading ult-responsive\"  data-ultimate-target='.uvc-heading.ultimate-heading-258869eb8e7dc1f58 .uvc-sub-heading '  data-responsive-json-new='{\"font-size\":\"\",\"line-height\":\"\"}'  style=\"font-weight:normal;\"><\/p>\n<h2 style=\"color: #fff;\">Katalysator<\/h2>\n<h2 style=\"color: #008bcb; margin-left: 5px;\">recyceln?<\/h2>\n<p><\/div><\/div><div id=\"ultimate-heading-970769eb8e7dc1f84\" class=\"uvc-heading ult-adjust-bottom-margin ultimate-heading-970769eb8e7dc1f84 uvc-391  uvc-heading-default-font-sizes\" data-hspacer=\"no_spacer\"  data-halign=\"center\" style=\"text-align:center\"><div class=\"uvc-heading-spacer no_spacer\" style=\"top\"><\/div><div class=\"uvc-sub-heading ult-responsive\"  data-ultimate-target='.uvc-heading.ultimate-heading-970769eb8e7dc1f84 .uvc-sub-heading '  data-responsive-json-new='{\"font-size\":\"\",\"line-height\":\"\"}'  style=\"font-weight:normal;color:#ffffff;\"><\/p>\n<p style=\"text-align: center;\">Bei Menten Metall k\u00f6nnen Sie auch Ihren Katalysator recyceln!<\/p>\n<p><\/div><\/div>[vc_empty_space height=&#8220;15&#8243;]<div class=\"text-centered\"><a href=\"\/katalysator-recycling\/\" class=\"btn-shortcode dt-btn-l dt-btn default-btn-color default-btn-hover-color default-btn-bg-color default-btn-bg-hover-color\" id=\"dt-btn-3\"><span>Katalysator recyceln<\/span><\/a><\/div>[\/vc_column][\/vc_row]<\/p>\n<\/div>","protected":false},"excerpt":{"rendered":"<p>[vc_row css=&#8220;.vc_custom_1624013969325{padding-top: 50px !important;padding-bottom: 50px !important;}&#8220;][vc_column][vc_column_text]Haben Sie Metall, dem Sie neues Leben einhauchen m\u00f6chten? Dann lassen Sie es bei Menten Metaal recyceln. Als Experten auf dem Gebiet der Metallverarbeitung sorgen wir f\u00fcr eine sorgf\u00e4ltige Trennung aller Arten wie Kupfer, Aluminium, Zink, Edelstahl, Blei und Batterien. Wir trennen diese Materialien, die wenig oder kein Eisen enthalten,&hellip;<\/p>\n","protected":false},"author":5,"featured_media":0,"parent":0,"menu_order":0,"comment_status":"closed","ping_status":"closed","template":"","meta":{"footnotes":""},"class_list":["post-16838","page","type-page","status-publish","hentry","description-off"],"yoast_head":"<!-- This site is optimized with the Yoast SEO plugin v27.4 - https:\/\/yoast.com\/product\/yoast-seo-wordpress\/ -->\n<title>Metallrecycling | Menten Metaal Sittard<\/title>\n<meta name=\"description\" content=\"Umweltbewusstes Metallrecycling f\u00fcr Privatpersonen und Unternehmen. Wir bieten Metallanalysen mit Laser und RFA an. Jetzt Kontakt aufnehmen!\" \/>\n<meta name=\"robots\" content=\"index, follow, max-snippet:-1, max-image-preview:large, max-video-preview:-1\" \/>\n<link rel=\"canonical\" href=\"https:\/\/mentenmetaal.nl\/de\/metaalrecycling\/\" \/>\n<meta property=\"og:locale\" content=\"de_DE\" \/>\n<meta property=\"og:type\" content=\"article\" \/>\n<meta property=\"og:title\" content=\"Metallrecycling | Menten Metaal Sittard\" \/>\n<meta property=\"og:description\" content=\"Umweltbewusstes Metallrecycling f\u00fcr Privatpersonen und Unternehmen. Wir bieten Metallanalysen mit Laser und RFA an. Jetzt Kontakt aufnehmen!\" \/>\n<meta property=\"og:url\" content=\"https:\/\/mentenmetaal.nl\/de\/metaalrecycling\/\" \/>\n<meta property=\"og:site_name\" content=\"Metaalrecycling Menten\" \/>\n<meta property=\"article:publisher\" content=\"https:\/\/www.facebook.com\/Menten-Metaalrecycling-BV-Sittard-107263398120433\/\" \/>\n<meta property=\"article:modified_time\" content=\"2024-06-13T11:31:03+00:00\" \/>\n<meta name=\"twitter:card\" content=\"summary_large_image\" \/>\n<meta name=\"twitter:label1\" content=\"Gesch\u00e4tzte Lesezeit\" \/>\n\t<meta name=\"twitter:data1\" content=\"4\u00a0Minuten\" \/>\n<script type=\"application\/ld+json\" class=\"yoast-schema-graph\">{\"@context\":\"https:\\\/\\\/schema.org\",\"@graph\":[{\"@type\":\"WebPage\",\"@id\":\"https:\\\/\\\/mentenmetaal.nl\\\/de\\\/metaalrecycling\\\/\",\"url\":\"https:\\\/\\\/mentenmetaal.nl\\\/de\\\/metaalrecycling\\\/\",\"name\":\"Metallrecycling | Menten Metaal Sittard\",\"isPartOf\":{\"@id\":\"https:\\\/\\\/mentenmetaal.nl\\\/de\\\/#website\"},\"datePublished\":\"2021-06-09T13:33:20+00:00\",\"dateModified\":\"2024-06-13T11:31:03+00:00\",\"description\":\"Umweltbewusstes Metallrecycling f\u00fcr Privatpersonen und Unternehmen. Wir bieten Metallanalysen mit Laser und RFA an. Jetzt Kontakt aufnehmen!\",\"breadcrumb\":{\"@id\":\"https:\\\/\\\/mentenmetaal.nl\\\/de\\\/metaalrecycling\\\/#breadcrumb\"},\"inLanguage\":\"de\",\"potentialAction\":[{\"@type\":\"ReadAction\",\"target\":[\"https:\\\/\\\/mentenmetaal.nl\\\/de\\\/metaalrecycling\\\/\"]}]},{\"@type\":\"BreadcrumbList\",\"@id\":\"https:\\\/\\\/mentenmetaal.nl\\\/de\\\/metaalrecycling\\\/#breadcrumb\",\"itemListElement\":[{\"@type\":\"ListItem\",\"position\":1,\"name\":\"Home\",\"item\":\"https:\\\/\\\/mentenmetaal.nl\\\/de\\\/\"},{\"@type\":\"ListItem\",\"position\":2,\"name\":\"Metallrecycling\"}]},{\"@type\":\"WebSite\",\"@id\":\"https:\\\/\\\/mentenmetaal.nl\\\/de\\\/#website\",\"url\":\"https:\\\/\\\/mentenmetaal.nl\\\/de\\\/\",\"name\":\"Metaalrecycling Menten Sittard\",\"description\":\"Domain\",\"publisher\":{\"@id\":\"https:\\\/\\\/mentenmetaal.nl\\\/de\\\/#organization\"},\"potentialAction\":[{\"@type\":\"SearchAction\",\"target\":{\"@type\":\"EntryPoint\",\"urlTemplate\":\"https:\\\/\\\/mentenmetaal.nl\\\/de\\\/?s={search_term_string}\"},\"query-input\":{\"@type\":\"PropertyValueSpecification\",\"valueRequired\":true,\"valueName\":\"search_term_string\"}}],\"inLanguage\":\"de\"},{\"@type\":\"Organization\",\"@id\":\"https:\\\/\\\/mentenmetaal.nl\\\/de\\\/#organization\",\"name\":\"Menten Metaalrecycling en oud ijzer\",\"url\":\"https:\\\/\\\/mentenmetaal.nl\\\/de\\\/\",\"logo\":{\"@type\":\"ImageObject\",\"inLanguage\":\"de\",\"@id\":\"https:\\\/\\\/mentenmetaal.nl\\\/de\\\/#\\\/schema\\\/logo\\\/image\\\/\",\"url\":\"https:\\\/\\\/mentenmetaal.nl\\\/wp-content\\\/uploads\\\/2021\\\/04\\\/Logo-Menten-Sittard-150-02.png\",\"contentUrl\":\"https:\\\/\\\/mentenmetaal.nl\\\/wp-content\\\/uploads\\\/2021\\\/04\\\/Logo-Menten-Sittard-150-02.png\",\"width\":621,\"height\":124,\"caption\":\"Menten Metaalrecycling en oud ijzer\"},\"image\":{\"@id\":\"https:\\\/\\\/mentenmetaal.nl\\\/de\\\/#\\\/schema\\\/logo\\\/image\\\/\"},\"sameAs\":[\"https:\\\/\\\/www.facebook.com\\\/Menten-Metaalrecycling-BV-Sittard-107263398120433\\\/\"]}]}<\/script>\n<!-- \/ Yoast SEO plugin. -->","yoast_head_json":{"title":"Metallrecycling | Menten Metaal Sittard","description":"Umweltbewusstes Metallrecycling f\u00fcr Privatpersonen und Unternehmen. Wir bieten Metallanalysen mit Laser und RFA an. Jetzt Kontakt aufnehmen!","robots":{"index":"index","follow":"follow","max-snippet":"max-snippet:-1","max-image-preview":"max-image-preview:large","max-video-preview":"max-video-preview:-1"},"canonical":"https:\/\/mentenmetaal.nl\/de\/metaalrecycling\/","og_locale":"de_DE","og_type":"article","og_title":"Metallrecycling | Menten Metaal Sittard","og_description":"Umweltbewusstes Metallrecycling f\u00fcr Privatpersonen und Unternehmen. Wir bieten Metallanalysen mit Laser und RFA an. Jetzt Kontakt aufnehmen!","og_url":"https:\/\/mentenmetaal.nl\/de\/metaalrecycling\/","og_site_name":"Metaalrecycling Menten","article_publisher":"https:\/\/www.facebook.com\/Menten-Metaalrecycling-BV-Sittard-107263398120433\/","article_modified_time":"2024-06-13T11:31:03+00:00","twitter_card":"summary_large_image","twitter_misc":{"Gesch\u00e4tzte Lesezeit":"4\u00a0Minuten"},"schema":{"@context":"https:\/\/schema.org","@graph":[{"@type":"WebPage","@id":"https:\/\/mentenmetaal.nl\/de\/metaalrecycling\/","url":"https:\/\/mentenmetaal.nl\/de\/metaalrecycling\/","name":"Metallrecycling | Menten Metaal Sittard","isPartOf":{"@id":"https:\/\/mentenmetaal.nl\/de\/#website"},"datePublished":"2021-06-09T13:33:20+00:00","dateModified":"2024-06-13T11:31:03+00:00","description":"Umweltbewusstes Metallrecycling f\u00fcr Privatpersonen und Unternehmen. Wir bieten Metallanalysen mit Laser und RFA an. Jetzt Kontakt aufnehmen!","breadcrumb":{"@id":"https:\/\/mentenmetaal.nl\/de\/metaalrecycling\/#breadcrumb"},"inLanguage":"de","potentialAction":[{"@type":"ReadAction","target":["https:\/\/mentenmetaal.nl\/de\/metaalrecycling\/"]}]},{"@type":"BreadcrumbList","@id":"https:\/\/mentenmetaal.nl\/de\/metaalrecycling\/#breadcrumb","itemListElement":[{"@type":"ListItem","position":1,"name":"Home","item":"https:\/\/mentenmetaal.nl\/de\/"},{"@type":"ListItem","position":2,"name":"Metallrecycling"}]},{"@type":"WebSite","@id":"https:\/\/mentenmetaal.nl\/de\/#website","url":"https:\/\/mentenmetaal.nl\/de\/","name":"Metaalrecycling Menten Sittard","description":"Domain","publisher":{"@id":"https:\/\/mentenmetaal.nl\/de\/#organization"},"potentialAction":[{"@type":"SearchAction","target":{"@type":"EntryPoint","urlTemplate":"https:\/\/mentenmetaal.nl\/de\/?s={search_term_string}"},"query-input":{"@type":"PropertyValueSpecification","valueRequired":true,"valueName":"search_term_string"}}],"inLanguage":"de"},{"@type":"Organization","@id":"https:\/\/mentenmetaal.nl\/de\/#organization","name":"Menten Metaalrecycling en oud ijzer","url":"https:\/\/mentenmetaal.nl\/de\/","logo":{"@type":"ImageObject","inLanguage":"de","@id":"https:\/\/mentenmetaal.nl\/de\/#\/schema\/logo\/image\/","url":"https:\/\/mentenmetaal.nl\/wp-content\/uploads\/2021\/04\/Logo-Menten-Sittard-150-02.png","contentUrl":"https:\/\/mentenmetaal.nl\/wp-content\/uploads\/2021\/04\/Logo-Menten-Sittard-150-02.png","width":621,"height":124,"caption":"Menten Metaalrecycling en oud ijzer"},"image":{"@id":"https:\/\/mentenmetaal.nl\/de\/#\/schema\/logo\/image\/"},"sameAs":["https:\/\/www.facebook.com\/Menten-Metaalrecycling-BV-Sittard-107263398120433\/"]}]}},"_links":{"self":[{"href":"https:\/\/mentenmetaal.nl\/de\/wp-json\/wp\/v2\/pages\/16838","targetHints":{"allow":["GET"]}}],"collection":[{"href":"https:\/\/mentenmetaal.nl\/de\/wp-json\/wp\/v2\/pages"}],"about":[{"href":"https:\/\/mentenmetaal.nl\/de\/wp-json\/wp\/v2\/types\/page"}],"author":[{"embeddable":true,"href":"https:\/\/mentenmetaal.nl\/de\/wp-json\/wp\/v2\/users\/5"}],"replies":[{"embeddable":true,"href":"https:\/\/mentenmetaal.nl\/de\/wp-json\/wp\/v2\/comments?post=16838"}],"version-history":[{"count":29,"href":"https:\/\/mentenmetaal.nl\/de\/wp-json\/wp\/v2\/pages\/16838\/revisions"}],"predecessor-version":[{"id":17685,"href":"https:\/\/mentenmetaal.nl\/de\/wp-json\/wp\/v2\/pages\/16838\/revisions\/17685"}],"wp:attachment":[{"href":"https:\/\/mentenmetaal.nl\/de\/wp-json\/wp\/v2\/media?parent=16838"}],"curies":[{"name":"wp","href":"https:\/\/api.w.org\/{rel}","templated":true}]}}