{"id":17533,"date":"2023-10-12T06:38:09","date_gmt":"2023-10-12T06:38:09","guid":{"rendered":"https:\/\/mentenmetaal.nl\/?page_id=17533"},"modified":"2023-10-26T10:03:46","modified_gmt":"2023-10-26T10:03:46","slug":"aktuelle-schrottpreise-holland","status":"publish","type":"page","link":"https:\/\/mentenmetaal.nl\/de\/aktuelle-schrottpreise-holland\/","title":{"rendered":"Aktuelle Schrottpreise Holland"},"content":{"rendered":"<div class=\"wpb-content-wrapper\"><p>[vc_row css=&#8220;.vc_custom_1624013969325{padding-top: 50px !important;padding-bottom: 50px !important;}&#8220;][vc_column]<div id=\"ultimate-heading-746669f2265f6163f\" class=\"uvc-heading ult-adjust-bottom-margin ultimate-heading-746669f2265f6163f uvc-4687  uvc-heading-default-font-sizes\" data-hspacer=\"no_spacer\"  data-halign=\"left\" style=\"text-align:left\"><div class=\"uvc-heading-spacer no_spacer\" style=\"top\"><\/div><div class=\"uvc-sub-heading ult-responsive\"  data-ultimate-target='.uvc-heading.ultimate-heading-746669f2265f6163f .uvc-sub-heading '  data-responsive-json-new='{\"font-size\":\"\",\"line-height\":\"\"}'  style=\"font-weight:normal;\"><\/p>\n<h1 style=\"text-align: left;\">Aktuelle Schrottpreise<\/h1>\n<h1 style=\"color: #008bcb; text-align: left;\">Holland<\/h1>\n<p><\/div><\/div>[vc_column_text]Metallschrott wird auch als wertloser Metallabfall bezeichnet. Dieser Abfall spielt in der niederl\u00e4ndischen Wirtschaft eine wichtige Rolle. Diese Form des Metallabfalls wird recycelt und schlie\u00dflich zu neuen Produkten verarbeitet. Das macht Schrott zu einem wertvollen Rohstoff. Der aktuelle Schrottpreis in Holland wird auf der Grundlage verschiedener Faktoren und Schwankungen berechnet. Der Preis wirkt sich auf viele verschiedene Branchen und Unternehmen aus. M\u00f6chten Sie mehr \u00fcber die Schrottpreise in Holland erfahren? Dann lesen Sie weiter, wenn wir uns die allgemeinen Auswirkungen des Schrottpreises genauer ansehen.[\/vc_column_text][vc_empty_space height=&#8220;30&#8243;]<a href=\"\/de\/prijslijst\/\" class=\"btn-shortcode dt-btn-l dt-btn default-btn-color default-btn-hover-color default-btn-bg-color default-btn-bg-hover-color tada animate-element animation-builder ico-right-side\" target=\"_blank\" id=\"dt-btn-1\" rel=\"noopener\"><span>Unsere Preisliste<\/span><i class=\"fa fa-file-text\"><\/i> \n\n\n\n\n<\/a>[\/vc_column][\/vc_row][vc_row full_width=&#8220;stretch_row&#8220; gap=&#8220;15&#8243; equal_height=&#8220;yes&#8220; content_placement=&#8220;middle&#8220; bg_type=&#8220;bg_color&#8220; css=&#8220;.vc_custom_1623742512107{padding-top: 50px !important;padding-bottom: 50px !important;}&#8220; bg_color_value=&#8220;#01537c&#8220;][vc_column]<div id=\"ultimate-heading-637469f2265f61756\" class=\"uvc-heading ult-adjust-bottom-margin ultimate-heading-637469f2265f61756 uvc-195  uvc-heading-default-font-sizes\" data-hspacer=\"no_spacer\"  data-halign=\"center\" style=\"text-align:center\"><div class=\"uvc-heading-spacer no_spacer\" style=\"top\"><\/div><div class=\"uvc-sub-heading ult-responsive\"  data-ultimate-target='.uvc-heading.ultimate-heading-637469f2265f61756 .uvc-sub-heading '  data-responsive-json-new='{\"font-size\":\"desktop:20px;\",\"line-height\":\"\"}'  style=\"font-weight:normal;color:#ffffff;\"><\/p>\n<h2><span style=\"color: #ffffff;\">Was ist Schrott?<\/span><\/h2>\n<p><span style=\"color: #ffffff;\">Bevor wir uns n\u00e4her mit dem Schrottpreis in Holland befassen, ist es wichtig zu wissen, was genau Schrott ist. Wie bereits erw\u00e4hnt, ist Schrott ein allgemeiner Begriff f\u00fcr recycelte Metallabf\u00e4lle. Dazu geh\u00f6ren zum Beispiel Autos, Ger\u00e4te, Maschinen, Baumaterialien und andere Metallgegenst\u00e4nde, die nicht mehr verwendet werden. Wenn Sie diese Metalle, aus welchen Gr\u00fcnden auch immer, nicht mehr verwenden, ist es besser, sie zu recyceln, als sie wegzuwerfen. Der Grund daf\u00fcr ist, dass das Altmetall schlie\u00dflich in neues Metall umgewandelt wird. Dies f\u00fchrt zu einer steigenden Nachfrage nach Schrott als Rohmaterial.<\/span><\/div><\/div>[\/vc_column][\/vc_row][vc_row equal_height=&#8220;yes&#8220; content_placement=&#8220;middle&#8220; css=&#8220;.vc_custom_1689833131725{padding-top: 50px !important;padding-bottom: 50px !important;}&#8220; el_class=&#8220;reverse-row-on-mobile&#8220;][vc_column width=&#8220;1\/3&#8243; css=&#8220;.vc_custom_1697092661182{padding-right: 40px !important;background-image: url(https:\/\/mentenmetaal.nl\/wp-content\/uploads\/2021\/06\/verkleind.jpg?id=16824) !important;background-position: center !important;background-repeat: no-repeat !important;background-size: cover !important;}&#8220;][vc_empty_space height=&#8220;300&#8243; css=&#8220;.vc_custom_1623248357668{background-image: url(https:\/\/mentenmetaal.web-wings.net\/wp-content\/uploads\/2021\/06\/verkleind-4.jpg?id=16213) !important;background-position: center !important;background-repeat: no-repeat !important;background-size: cover !important;}&#8220;][\/vc_column][vc_column width=&#8220;2\/3&#8243; css=&#8220;.vc_custom_1689833182872{padding-top: 25px !important;padding-bottom: 25px !important;padding-left: 30px !important;}&#8220;]<div id=\"ultimate-heading-745369f2265f6178e\" class=\"uvc-heading ult-adjust-bottom-margin ultimate-heading-745369f2265f6178e uvc-4895  uvc-heading-default-font-sizes\" data-hspacer=\"no_spacer\"  data-halign=\"left\" style=\"text-align:left\"><div class=\"uvc-heading-spacer no_spacer\" style=\"top\"><\/div><div class=\"uvc-main-heading ult-responsive\"  data-ultimate-target='.uvc-heading.ultimate-heading-745369f2265f6178e h2'  data-responsive-json-new='{\"font-size\":\"\",\"line-height\":\"\"}' ><h2 style=\"--font-weight:theme;\">Faktoren, die die Schrottpreise in den Niederlanden beeinflussen<\/h2><\/div><\/div>[vc_column_text]Die Schrottpreise in den Niederlanden werden nat\u00fcrlich nicht von einem einzigen Faktor beeinflusst. Es handelt sich um ein Zusammenspiel mehrerer Faktoren. Dies sind einige Faktoren, die f\u00fcr die aktuellen Schrottpreise in Holland eine Rolle spielen.<\/p>\n<h3>Der globale Metallmarkt<\/h3>\n<p>Die Schrottpreis in Holland sind mit dem weltweiten Metallmarkt verbunden. Ein wichtiger Teil der Metallproduktion ist nat\u00fcrlich der Schrott. Weltweit ist die Ver\u00e4nderung der Nachfrage nach Metall eine direkte Folge der Schrottpreise. Wenn die Nachfrage niedrig ist, sinkt auch der Preis. Wenn die Nachfrage nach Metall hoch ist, ist logischerweise auch der Preis h\u00f6her.<\/p>\n<h3>Der Devisenkurs<\/h3>\n<p>Auch der Wechselkurs wirkt sich auf den internationalen Schrotthandel aus. Wie wir wissen, schwanken die Wechselkurse st\u00e4ndig. Wenn der Wert des Euro gegen\u00fcber anderen W\u00e4hrungen sinkt, k\u00f6nnen die Schrottexporte in die Niederlande steigen. Dies wirkt sich auf den Metallpreis aus.<\/p>\n<h3>Technologische Entwicklung<\/h3>\n<p>Die technologische Entwicklung hat zur Entwicklung von Methoden gef\u00fchrt, die das Recycling von Metallschrott wesentlich effizienter machen. Dadurch k\u00f6nnen unter anderem auch die Kosten f\u00fcr das Recycling gesenkt und die Verf\u00fcgbarkeit erh\u00f6ht werden.<\/p>\n<h3>Staatliche Politik<\/h3>\n<p>Schlie\u00dflich wirkt sich auch die Regierungspolitik auf den Schrottpreis in den Niederlanden aus. Zur Regierungspolitik geh\u00f6ren zum Beispiel Vorschriften zum Recycling und zum Umweltschutz, aber auch Steuern. Staatliche Ma\u00dfnahmen, die das Recycling f\u00f6rdern, k\u00f6nnen auch die Nachfrage nach Schrott erh\u00f6hen.[\/vc_column_text][\/vc_column][\/vc_row][vc_row full_width=&#8220;stretch_row&#8220; equal_height=&#8220;yes&#8220; content_placement=&#8220;middle&#8220; bg_type=&#8220;bg_color&#8220; css=&#8220;.vc_custom_1624012730998{padding-top: 50px !important;padding-bottom: 50px !important;}&#8220; bg_color_value=&#8220;#f7f7f7&#8243; el_class=&#8220;reverse-row-on-mobile&#8220;][vc_column width=&#8220;2\/3&#8243; css=&#8220;.vc_custom_1689833028815{padding-right: 40px !important;background-position: center !important;background-repeat: no-repeat !important;background-size: cover !important;}&#8220;][vc_column_text]<\/p>\n<h2>Nachhaltigkeit und Umweltauswirkungen<\/h2>\n<p>Neben den wirtschaftlichen Auswirkungen haben die Schrottpreise in Holland nat\u00fcrlich auch einen wichtigen Einfluss auf die Nachhaltigkeit und die Umwelt. Durch das Recycling von Schrott wird u. a. der Bedarf an Bergbau verringert. Infolgedessen m\u00fcssen weniger neue Metalle abgebaut werden, was die Umwelt entlastet. Dar\u00fcber hinaus f\u00f6rdert es die Kreislaufwirtschaft, und das <a href=\"https:\/\/mentenmetaal.nl\/de\/metaalrecycling\/\">Metallrecycling<\/a> tr\u00e4gt auch zur Abfallvermeidung bei. Es gibt also keinen Grund, Ihr Metall nicht bei Menten Metaal zu recyceln.<\/p>\n<h2>Schrotth\u00e4ndler in Holland<\/h2>\n<p>Sind Sie auf der Suche nach einem <a href=\"\/de\/schrottplatz-holland\/\">Schrotth\u00e4ndler in Holland<\/a>? Dann sind Sie bei Menten Metaal an der richtigen Adresse. Sie k\u00f6nnen alle Ihre Metallabf\u00e4lle bei uns abgeben. Dazu geh\u00f6ren Katalysatoren, Batterien und andere Metalle. Wir helfen Ihnen gerne bei der Verarbeitung dieser Metalle. Sie finden uns in Sittard-Geleen, in den Niederlanden. Wenn Sie Fragen an uns haben, z\u00f6gern Sie bitte nicht, <a href=\"https:\/\/mentenmetaal.nl\/de\/contact\/\">uns zu kontaktieren<\/a>. Wir helfen Ihnen gerne bei all Ihren Fragen zu Schrottpreisen in Holland. F\u00fcr unsere Preise, <a href=\"https:\/\/mentenmetaal.nl\/de\/prijslijst\/\">klicken Sie bitte auf diesen Link<\/a>[\/vc_column_text][\/vc_column][vc_column width=&#8220;1\/3&#8243; css=&#8220;.vc_custom_1697092634231{padding-top: 25px !important;padding-bottom: 25px !important;padding-left: 40px !important;background-image: url(https:\/\/mentenmetaal.nl\/wp-content\/uploads\/2021\/09\/verkleind-1-5.jpg?id=17171) !important;background-position: center !important;background-repeat: no-repeat !important;background-size: cover !important;}&#8220;][vc_empty_space height=&#8220;300px&#8220;][\/vc_column][\/vc_row][vc_row gap=&#8220;30&#8243; equal_height=&#8220;yes&#8220; css=&#8220;.vc_custom_1623250828566{padding-top: 50px !important;padding-bottom: 50px !important;}&#8220;][vc_column width=&#8220;1\/2&#8243; el_class=&#8220;shadowbox&#8220; css=&#8220;.vc_custom_1623313243305{padding-top: 30px !important;padding-right: 20px !important;padding-bottom: 30px !important;padding-left: 20px !important;}&#8220;][vc_raw_html]PGNlbnRlcj48c2NyaXB0IHNyYz0iaHR0cHM6Ly9jZG4ubG9yZGljb24uY29tL2xpYnMvZnJodmJ1emovbG9yZC1pY29uLTIuMC4yLmpzIj48L3NjcmlwdD4KPGxvcmQtaWNvbiBzcmM9Imh0dHBzOi8vY2RuLmxvcmRpY29uLmNvbS93Zmt4aXd0dy5qc29uIiB0cmlnZ2VyPSJob3ZlciIgY29sb3JzPSJwcmltYXJ5OiMyNDI0MjQsc2Vjb25kYXJ5OiMwMDhiY2IiIHN0eWxlPSJ3aWR0aDo3MHB4O2hlaWdodDo3MHB4Ij4KPC9sb3JkLWljb24+PC9jZW50ZXI+[\/vc_raw_html][vc_empty_space height=&#8220;10&#8243;]<div id=\"ultimate-heading-167569f2265f617d6\" class=\"uvc-heading ult-adjust-bottom-margin ultimate-heading-167569f2265f617d6 uvc-3911  uvc-heading-default-font-sizes\" data-hspacer=\"no_spacer\"  data-halign=\"center\" style=\"text-align:center\"><div class=\"uvc-heading-spacer no_spacer\" style=\"top\"><\/div><div class=\"uvc-sub-heading ult-responsive\"  data-ultimate-target='.uvc-heading.ultimate-heading-167569f2265f617d6 .uvc-sub-heading '  data-responsive-json-new='{\"font-size\":\"\",\"line-height\":\"\"}'  style=\"font-weight:normal;\"><\/p>\n<h2>Wiegen und<\/h2>\n<h2 style=\"color: #008bcb; margin-left: 5px;\">Sortieren<\/h2>\n<p><\/div><\/div>[vc_empty_space height=&#8220;10&#8243;][vc_column_text]<\/p>\n<p style=\"text-align: center;\">Die Metalle werden genau gewogen wenn sie abgeliefert wurden. Auf unseren Wiegen, die bis zu 50 Tonnen wiegen. Nachdem die Metalle gewogen sind, werden sie fein sortiert in unsere Container.<\/p>\n<p>[\/vc_column_text][\/vc_column][vc_column width=&#8220;1\/2&#8243; el_class=&#8220;shadowbox&#8220; css=&#8220;.vc_custom_1623313123406{padding-top: 30px !important;padding-right: 20px !important;padding-bottom: 30px !important;padding-left: 20px !important;}&#8220;][vc_raw_html]PGNlbnRlcj48c2NyaXB0IHNyYz0iaHR0cHM6Ly9jZG4ubG9yZGljb24uY29tL2xpYnMvZnJodmJ1emovbG9yZC1pY29uLTIuMC4yLmpzIj48L3NjcmlwdD4KPGxvcmQtaWNvbiBzcmM9Imh0dHBzOi8vY2RuLmxvcmRpY29uLmNvbS9yZ3lmdG1oYy5qc29uIiB0cmlnZ2VyPSJob3ZlciIgY29sb3JzPSJwcmltYXJ5OiMyNDI0MjQsc2Vjb25kYXJ5OiMwMDhiY2IiIHN0eWxlPSJ3aWR0aDo3MHB4O2hlaWdodDo3MHB4Ij4KPC9sb3JkLWljb24+PGNlbnRlcj4=[\/vc_raw_html][vc_empty_space height=&#8220;10&#8243;]<div id=\"ultimate-heading-676269f2265f61802\" class=\"uvc-heading ult-adjust-bottom-margin ultimate-heading-676269f2265f61802 uvc-8670  uvc-heading-default-font-sizes\" data-hspacer=\"no_spacer\"  data-halign=\"center\" style=\"text-align:center\"><div class=\"uvc-heading-spacer no_spacer\" style=\"top\"><\/div><div class=\"uvc-sub-heading ult-responsive\"  data-ultimate-target='.uvc-heading.ultimate-heading-676269f2265f61802 .uvc-sub-heading '  data-responsive-json-new='{\"font-size\":\"\",\"line-height\":\"\"}'  style=\"font-weight:normal;\"><\/p>\n<h2>Einfache<\/h2>\n<h2 style=\"color: #008bcb; margin-left: 5px;\">bezahlung<\/h2>\n<p><\/div><\/div>[vc_empty_space height=&#8220;10&#8243;][vc_column_text]<\/p>\n<p style=\"text-align: center;\">Die Zahlung kann stattfinden so wie Sie es m\u00f6chten, Bar oder mit Karte. Bei gr\u00f6\u00dferen Mengen und sch\u00f6ner Fracht k\u00f6nnen wir Ihnen einen extra guten Preis anbieten.<\/p>\n<p>[\/vc_column_text][\/vc_column][\/vc_row][vc_row full_width=&#8220;stretch_row&#8220; gap=&#8220;30&#8243; equal_height=&#8220;yes&#8220; bg_type=&#8220;image&#8220; parallax_style=&#8220;vcpb-default&#8220; bg_image_new=&#8220;id^16289|url^https:\/\/mentenmetaal.web-wings.net\/wp-content\/uploads\/2021\/06\/koper-slider.jpg|caption^null|alt^null|title^koper slider|description^null&#8220; enable_overlay=&#8220;enable_overlay_value&#8220; overlay_color=&#8220;rgba(30,30,30,0.45)&#8220; css=&#8220;.vc_custom_1623317450359{padding-top: 25px !important;padding-bottom: 25px !important;}&#8220;][vc_column]<div id=\"ultimate-heading-739869f2265f6182c\" class=\"uvc-heading ult-adjust-bottom-margin ultimate-heading-739869f2265f6182c uvc-1104  uvc-heading-default-font-sizes\" data-hspacer=\"no_spacer\"  data-halign=\"center\" style=\"text-align:center\"><div class=\"uvc-heading-spacer no_spacer\" style=\"top\"><\/div><div class=\"uvc-sub-heading ult-responsive\"  data-ultimate-target='.uvc-heading.ultimate-heading-739869f2265f6182c .uvc-sub-heading '  data-responsive-json-new='{\"font-size\":\"\",\"line-height\":\"\"}'  style=\"font-weight:normal;\"><\/p>\n<h2 style=\"color: #fff;\">Katalysator<\/h2>\n<h2 style=\"color: #008bcb; margin-left: 5px;\">recyceln?<\/h2>\n<p><\/div><\/div><div id=\"ultimate-heading-729669f2265f61858\" class=\"uvc-heading ult-adjust-bottom-margin ultimate-heading-729669f2265f61858 uvc-5793  uvc-heading-default-font-sizes\" data-hspacer=\"no_spacer\"  data-halign=\"center\" style=\"text-align:center\"><div class=\"uvc-heading-spacer no_spacer\" style=\"top\"><\/div><div class=\"uvc-sub-heading ult-responsive\"  data-ultimate-target='.uvc-heading.ultimate-heading-729669f2265f61858 .uvc-sub-heading '  data-responsive-json-new='{\"font-size\":\"\",\"line-height\":\"\"}'  style=\"font-weight:normal;color:#ffffff;\"><\/p>\n<p style=\"text-align: center;\">Bei Menten Metall k\u00f6nnen Sie auch Ihren Katalysator recyceln!<\/p>\n<p><\/div><\/div>[vc_empty_space height=&#8220;15&#8243;]<div class=\"text-centered\"><a href=\"\/de\/katalysator-recycling\/\" class=\"btn-shortcode dt-btn-l dt-btn default-btn-color default-btn-hover-color default-btn-bg-color default-btn-bg-hover-color\" id=\"dt-btn-2\"><span>Katalysator recyceln<\/span><\/a><\/div>[\/vc_column][\/vc_row]<\/p>\n<\/div>","protected":false},"excerpt":{"rendered":"<p>[vc_row css=&#8220;.vc_custom_1624013969325{padding-top: 50px !important;padding-bottom: 50px !important;}&#8220;][vc_column][vc_column_text]Metallschrott wird auch als wertloser Metallabfall bezeichnet. Dieser Abfall spielt in der niederl\u00e4ndischen Wirtschaft eine wichtige Rolle. Diese Form des Metallabfalls wird recycelt und schlie\u00dflich zu neuen Produkten verarbeitet. Das macht Schrott zu einem wertvollen Rohstoff. Der aktuelle Schrottpreis in Holland wird auf der Grundlage verschiedener Faktoren und Schwankungen berechnet.&hellip;<\/p>\n","protected":false},"author":5,"featured_media":0,"parent":0,"menu_order":0,"comment_status":"closed","ping_status":"closed","template":"","meta":{"footnotes":""},"class_list":["post-17533","page","type-page","status-publish","hentry","description-off"],"yoast_head":"<!-- This site is optimized with the Yoast SEO plugin v27.5 - https:\/\/yoast.com\/product\/yoast-seo-wordpress\/ -->\n<title>Aktuelle Schrottpreise Holland | Menten Metaal Sittard<\/title>\n<meta name=\"description\" content=\"Der aktuelle Schrottpreis in Holland wird auf der Grundlage verschiedener Faktoren und Schwankungen berechnet.\" \/>\n<meta name=\"robots\" content=\"index, follow, max-snippet:-1, max-image-preview:large, max-video-preview:-1\" \/>\n<link rel=\"canonical\" href=\"https:\/\/mentenmetaal.nl\/de\/aktuelle-schrottpreise-holland\/\" \/>\n<meta property=\"og:locale\" content=\"de_DE\" \/>\n<meta property=\"og:type\" content=\"article\" \/>\n<meta property=\"og:title\" content=\"Aktuelle Schrottpreise Holland | Menten Metaal Sittard\" \/>\n<meta property=\"og:description\" content=\"Der aktuelle Schrottpreis in Holland wird auf der Grundlage verschiedener Faktoren und Schwankungen berechnet.\" \/>\n<meta property=\"og:url\" content=\"https:\/\/mentenmetaal.nl\/de\/aktuelle-schrottpreise-holland\/\" \/>\n<meta property=\"og:site_name\" content=\"Metaalrecycling Menten\" \/>\n<meta property=\"article:publisher\" content=\"https:\/\/www.facebook.com\/Menten-Metaalrecycling-BV-Sittard-107263398120433\/\" \/>\n<meta property=\"article:modified_time\" content=\"2023-10-26T10:03:46+00:00\" \/>\n<meta name=\"twitter:card\" content=\"summary_large_image\" \/>\n<meta name=\"twitter:label1\" content=\"Gesch\u00e4tzte Lesezeit\" \/>\n\t<meta name=\"twitter:data1\" content=\"4\u00a0Minuten\" \/>\n<script type=\"application\/ld+json\" class=\"yoast-schema-graph\">{\"@context\":\"https:\\\/\\\/schema.org\",\"@graph\":[{\"@type\":\"WebPage\",\"@id\":\"https:\\\/\\\/mentenmetaal.nl\\\/de\\\/aktuelle-schrottpreise-holland\\\/\",\"url\":\"https:\\\/\\\/mentenmetaal.nl\\\/de\\\/aktuelle-schrottpreise-holland\\\/\",\"name\":\"Aktuelle Schrottpreise Holland | Menten Metaal Sittard\",\"isPartOf\":{\"@id\":\"https:\\\/\\\/mentenmetaal.nl\\\/de\\\/#website\"},\"datePublished\":\"2023-10-12T06:38:09+00:00\",\"dateModified\":\"2023-10-26T10:03:46+00:00\",\"description\":\"Der aktuelle Schrottpreis in Holland wird auf der Grundlage verschiedener Faktoren und Schwankungen berechnet.\",\"breadcrumb\":{\"@id\":\"https:\\\/\\\/mentenmetaal.nl\\\/de\\\/aktuelle-schrottpreise-holland\\\/#breadcrumb\"},\"inLanguage\":\"de\",\"potentialAction\":[{\"@type\":\"ReadAction\",\"target\":[\"https:\\\/\\\/mentenmetaal.nl\\\/de\\\/aktuelle-schrottpreise-holland\\\/\"]}]},{\"@type\":\"BreadcrumbList\",\"@id\":\"https:\\\/\\\/mentenmetaal.nl\\\/de\\\/aktuelle-schrottpreise-holland\\\/#breadcrumb\",\"itemListElement\":[{\"@type\":\"ListItem\",\"position\":1,\"name\":\"Home\",\"item\":\"https:\\\/\\\/mentenmetaal.nl\\\/de\\\/\"},{\"@type\":\"ListItem\",\"position\":2,\"name\":\"Aktuelle Schrottpreise Holland\"}]},{\"@type\":\"WebSite\",\"@id\":\"https:\\\/\\\/mentenmetaal.nl\\\/de\\\/#website\",\"url\":\"https:\\\/\\\/mentenmetaal.nl\\\/de\\\/\",\"name\":\"Metaalrecycling Menten Sittard\",\"description\":\"Domain\",\"publisher\":{\"@id\":\"https:\\\/\\\/mentenmetaal.nl\\\/de\\\/#organization\"},\"potentialAction\":[{\"@type\":\"SearchAction\",\"target\":{\"@type\":\"EntryPoint\",\"urlTemplate\":\"https:\\\/\\\/mentenmetaal.nl\\\/de\\\/?s={search_term_string}\"},\"query-input\":{\"@type\":\"PropertyValueSpecification\",\"valueRequired\":true,\"valueName\":\"search_term_string\"}}],\"inLanguage\":\"de\"},{\"@type\":\"Organization\",\"@id\":\"https:\\\/\\\/mentenmetaal.nl\\\/de\\\/#organization\",\"name\":\"Menten Metaalrecycling en oud ijzer\",\"url\":\"https:\\\/\\\/mentenmetaal.nl\\\/de\\\/\",\"logo\":{\"@type\":\"ImageObject\",\"inLanguage\":\"de\",\"@id\":\"https:\\\/\\\/mentenmetaal.nl\\\/de\\\/#\\\/schema\\\/logo\\\/image\\\/\",\"url\":\"https:\\\/\\\/mentenmetaal.nl\\\/wp-content\\\/uploads\\\/2021\\\/04\\\/Logo-Menten-Sittard-150-02.png\",\"contentUrl\":\"https:\\\/\\\/mentenmetaal.nl\\\/wp-content\\\/uploads\\\/2021\\\/04\\\/Logo-Menten-Sittard-150-02.png\",\"width\":621,\"height\":124,\"caption\":\"Menten Metaalrecycling en oud ijzer\"},\"image\":{\"@id\":\"https:\\\/\\\/mentenmetaal.nl\\\/de\\\/#\\\/schema\\\/logo\\\/image\\\/\"},\"sameAs\":[\"https:\\\/\\\/www.facebook.com\\\/Menten-Metaalrecycling-BV-Sittard-107263398120433\\\/\"]}]}<\/script>\n<!-- \/ Yoast SEO plugin. -->","yoast_head_json":{"title":"Aktuelle Schrottpreise Holland | Menten Metaal Sittard","description":"Der aktuelle Schrottpreis in Holland wird auf der Grundlage verschiedener Faktoren und Schwankungen berechnet.","robots":{"index":"index","follow":"follow","max-snippet":"max-snippet:-1","max-image-preview":"max-image-preview:large","max-video-preview":"max-video-preview:-1"},"canonical":"https:\/\/mentenmetaal.nl\/de\/aktuelle-schrottpreise-holland\/","og_locale":"de_DE","og_type":"article","og_title":"Aktuelle Schrottpreise Holland | Menten Metaal Sittard","og_description":"Der aktuelle Schrottpreis in Holland wird auf der Grundlage verschiedener Faktoren und Schwankungen berechnet.","og_url":"https:\/\/mentenmetaal.nl\/de\/aktuelle-schrottpreise-holland\/","og_site_name":"Metaalrecycling Menten","article_publisher":"https:\/\/www.facebook.com\/Menten-Metaalrecycling-BV-Sittard-107263398120433\/","article_modified_time":"2023-10-26T10:03:46+00:00","twitter_card":"summary_large_image","twitter_misc":{"Gesch\u00e4tzte Lesezeit":"4\u00a0Minuten"},"schema":{"@context":"https:\/\/schema.org","@graph":[{"@type":"WebPage","@id":"https:\/\/mentenmetaal.nl\/de\/aktuelle-schrottpreise-holland\/","url":"https:\/\/mentenmetaal.nl\/de\/aktuelle-schrottpreise-holland\/","name":"Aktuelle Schrottpreise Holland | Menten Metaal Sittard","isPartOf":{"@id":"https:\/\/mentenmetaal.nl\/de\/#website"},"datePublished":"2023-10-12T06:38:09+00:00","dateModified":"2023-10-26T10:03:46+00:00","description":"Der aktuelle Schrottpreis in Holland wird auf der Grundlage verschiedener Faktoren und Schwankungen berechnet.","breadcrumb":{"@id":"https:\/\/mentenmetaal.nl\/de\/aktuelle-schrottpreise-holland\/#breadcrumb"},"inLanguage":"de","potentialAction":[{"@type":"ReadAction","target":["https:\/\/mentenmetaal.nl\/de\/aktuelle-schrottpreise-holland\/"]}]},{"@type":"BreadcrumbList","@id":"https:\/\/mentenmetaal.nl\/de\/aktuelle-schrottpreise-holland\/#breadcrumb","itemListElement":[{"@type":"ListItem","position":1,"name":"Home","item":"https:\/\/mentenmetaal.nl\/de\/"},{"@type":"ListItem","position":2,"name":"Aktuelle Schrottpreise Holland"}]},{"@type":"WebSite","@id":"https:\/\/mentenmetaal.nl\/de\/#website","url":"https:\/\/mentenmetaal.nl\/de\/","name":"Metaalrecycling Menten Sittard","description":"Domain","publisher":{"@id":"https:\/\/mentenmetaal.nl\/de\/#organization"},"potentialAction":[{"@type":"SearchAction","target":{"@type":"EntryPoint","urlTemplate":"https:\/\/mentenmetaal.nl\/de\/?s={search_term_string}"},"query-input":{"@type":"PropertyValueSpecification","valueRequired":true,"valueName":"search_term_string"}}],"inLanguage":"de"},{"@type":"Organization","@id":"https:\/\/mentenmetaal.nl\/de\/#organization","name":"Menten Metaalrecycling en oud ijzer","url":"https:\/\/mentenmetaal.nl\/de\/","logo":{"@type":"ImageObject","inLanguage":"de","@id":"https:\/\/mentenmetaal.nl\/de\/#\/schema\/logo\/image\/","url":"https:\/\/mentenmetaal.nl\/wp-content\/uploads\/2021\/04\/Logo-Menten-Sittard-150-02.png","contentUrl":"https:\/\/mentenmetaal.nl\/wp-content\/uploads\/2021\/04\/Logo-Menten-Sittard-150-02.png","width":621,"height":124,"caption":"Menten Metaalrecycling en oud ijzer"},"image":{"@id":"https:\/\/mentenmetaal.nl\/de\/#\/schema\/logo\/image\/"},"sameAs":["https:\/\/www.facebook.com\/Menten-Metaalrecycling-BV-Sittard-107263398120433\/"]}]}},"_links":{"self":[{"href":"https:\/\/mentenmetaal.nl\/de\/wp-json\/wp\/v2\/pages\/17533","targetHints":{"allow":["GET"]}}],"collection":[{"href":"https:\/\/mentenmetaal.nl\/de\/wp-json\/wp\/v2\/pages"}],"about":[{"href":"https:\/\/mentenmetaal.nl\/de\/wp-json\/wp\/v2\/types\/page"}],"author":[{"embeddable":true,"href":"https:\/\/mentenmetaal.nl\/de\/wp-json\/wp\/v2\/users\/5"}],"replies":[{"embeddable":true,"href":"https:\/\/mentenmetaal.nl\/de\/wp-json\/wp\/v2\/comments?post=17533"}],"version-history":[{"count":28,"href":"https:\/\/mentenmetaal.nl\/de\/wp-json\/wp\/v2\/pages\/17533\/revisions"}],"predecessor-version":[{"id":17581,"href":"https:\/\/mentenmetaal.nl\/de\/wp-json\/wp\/v2\/pages\/17533\/revisions\/17581"}],"wp:attachment":[{"href":"https:\/\/mentenmetaal.nl\/de\/wp-json\/wp\/v2\/media?parent=17533"}],"curies":[{"name":"wp","href":"https:\/\/api.w.org\/{rel}","templated":true}]}}